{"id":355,"date":"2025-02-14T23:16:23","date_gmt":"2025-02-14T22:16:23","guid":{"rendered":"https:\/\/www.grandhotelhradec.cz\/?page_id=355"},"modified":"2026-04-12T22:17:17","modified_gmt":"2026-04-12T20:17:17","slug":"golfplatz-mlade-buky","status":"publish","type":"page","link":"https:\/\/www.grandhotelhradec.cz\/de\/entdecken-sie-pec-pod-snezkou\/golfplatz-mlade-buky\/","title":{"rendered":"Golfplatz Mlad\u00e9 Buky"},"content":{"rendered":"<p class=\"translation-block\">M\u00f6gen Sie Golf und m\u00f6chten das Spiel mit einzigartiger Aussicht auf das Riesengebirge genie\u00dfen? Der <strong>Mlad\u00e9 Buky Golfplatz<\/strong> bietet eine Mischung aus farbenfroh gestalteten L\u00f6chern, verschiedenen Spielsituationen und verf\u00fcgt \u00fcber eine der sch\u00f6nsten Aussichten des Landes. Das Gebiet umfasst einen 18-Loch-Platz Mlad\u00e9 Buky (Par 70), einen 6-Loch-Platz mit \u00dcbungs-Chipping- und Putting-Greens sowie eine \u00fcberdachte Driving Range mit Designer-Einrichtungen und Beleuchtung. Dadurch bietet der Platz ein wirklich komplettes Golfangebot. Die Aussicht auf das Riesengebirge, einschlie\u00dflich der dominierenden Berge \u010cern\u00e1 hora und Sn\u011b\u017eka, sowie auf die wundersch\u00f6nen Berge Vran\u00ed vrchy und Zvi\u010dina wird Ihr Spielerlebnis komplett bereichern.<\/p>","protected":false},"excerpt":{"rendered":"<p>M\u00e1te r\u00e1di golf a chcete si u\u017e\u00edt hru s neopakovateln\u00fdmi v\u00fdhledy na Krkono\u0161e? Golfov\u00e9 h\u0159i\u0161t\u011b Mlad\u00e9 Buky\u00a0nab\u00edz\u00ed mix pest\u0159e projektovan\u00fdch jamek, rozli\u010dn\u00fdch hern\u00edch situac\u00ed a m\u016f\u017ee se pochlubit jednou z nejkr\u00e1sn\u011bj\u0161\u00edch vyhl\u00eddek v zemi. Sou\u010d\u00e1st\u00ed are\u00e1lu je 18jamkov\u00e9 h\u0159i\u0161t\u011b Mlad\u00e9 Buky (Par 70), 6jamkov\u00e9 h\u0159i\u0161t\u011b se cvi\u010dn\u00fdmi chipping a putting greeny a kryt\u00fd driving range [&hellip;]<\/p>","protected":false},"author":1,"featured_media":356,"parent":39,"menu_order":14,"comment_status":"closed","ping_status":"closed","template":"aktivity.php","meta":{"footnotes":""},"class_list":["post-355","page","type-page","status-publish","has-post-thumbnail","hentry"],"_links":{"self":[{"href":"https:\/\/www.grandhotelhradec.cz\/de\/wp-json\/wp\/v2\/pages\/355","targetHints":{"allow":["GET"]}}],"collection":[{"href":"https:\/\/www.grandhotelhradec.cz\/de\/wp-json\/wp\/v2\/pages"}],"about":[{"href":"https:\/\/www.grandhotelhradec.cz\/de\/wp-json\/wp\/v2\/types\/page"}],"author":[{"embeddable":true,"href":"https:\/\/www.grandhotelhradec.cz\/de\/wp-json\/wp\/v2\/users\/1"}],"replies":[{"embeddable":true,"href":"https:\/\/www.grandhotelhradec.cz\/de\/wp-json\/wp\/v2\/comments?post=355"}],"version-history":[{"count":0,"href":"https:\/\/www.grandhotelhradec.cz\/de\/wp-json\/wp\/v2\/pages\/355\/revisions"}],"up":[{"embeddable":true,"href":"https:\/\/www.grandhotelhradec.cz\/de\/wp-json\/wp\/v2\/pages\/39"}],"wp:featuredmedia":[{"embeddable":true,"href":"https:\/\/www.grandhotelhradec.cz\/de\/wp-json\/wp\/v2\/media\/356"}],"wp:attachment":[{"href":"https:\/\/www.grandhotelhradec.cz\/de\/wp-json\/wp\/v2\/media?parent=355"}],"curies":[{"name":"wp","href":"https:\/\/api.w.org\/{rel}","templated":true}]}}