{"id":352,"date":"2025-02-14T23:06:46","date_gmt":"2025-02-14T22:06:46","guid":{"rendered":"https:\/\/www.grandhotelhradec.cz\/?page_id=352"},"modified":"2026-04-12T22:17:24","modified_gmt":"2026-04-12T20:17:24","slug":"trautenberk-brauerei","status":"publish","type":"page","link":"https:\/\/www.grandhotelhradec.cz\/de\/entdecken-sie-pec-pod-snezkou\/trautenberk-brauerei\/","title":{"rendered":"Trautenberk-Brauerei"},"content":{"rendered":"<p class=\"translation-block\">Im malerischen Dorf Mal\u00e1 \u00dapa finden Sie eine der j\u00fcngsten Mini-Brauereien im Riesengebirge. Die Trautenberk-Brauerei braut Bier mit einem erfrischend s\u00fcffigen Geschmack ohne Pasteurisierung und Filtration. Verpassen Sie nicht nur die Verkostung selbst, sondern auch nicht den Ausflug mit einer interessanten Erkl\u00e4rung des Bierbrauprozesses. Im Restaurant erwarten Sie Brauereispezialit\u00e4ten, wie z.B. die \u00fcber Nacht gebratenen k\u00f6stlichen Rippchen.<\/p>\n\n\n\n<p><\/p>","protected":false},"excerpt":{"rendered":"<p class=\"translation-block\">Im malerischen Dorf Mal\u00e1 \u00dapa finden Sie eine der j\u00fcngsten Mini-Brauereien im Riesengebirge. Die Trautenberk-Brauerei braut Bier mit einem erfrischend s\u00fcffigen Geschmack ohne Pasteurisierung und Filtration. Verpassen Sie nicht nur die Verkostung selbst, sondern auch nicht den Ausflug mit einer interessanten Erkl\u00e4rung des Bierbrauprozesses. Im Restaurant erwarten Sie Brauereispezialit\u00e4ten, wie z.B. die \u00fcber Nacht gebratenen k\u00f6stlichen Rippchen.<\/p>","protected":false},"author":1,"featured_media":353,"parent":39,"menu_order":9,"comment_status":"closed","ping_status":"closed","template":"aktivity.php","meta":{"footnotes":""},"class_list":["post-352","page","type-page","status-publish","has-post-thumbnail","hentry"],"_links":{"self":[{"href":"https:\/\/www.grandhotelhradec.cz\/de\/wp-json\/wp\/v2\/pages\/352","targetHints":{"allow":["GET"]}}],"collection":[{"href":"https:\/\/www.grandhotelhradec.cz\/de\/wp-json\/wp\/v2\/pages"}],"about":[{"href":"https:\/\/www.grandhotelhradec.cz\/de\/wp-json\/wp\/v2\/types\/page"}],"author":[{"embeddable":true,"href":"https:\/\/www.grandhotelhradec.cz\/de\/wp-json\/wp\/v2\/users\/1"}],"replies":[{"embeddable":true,"href":"https:\/\/www.grandhotelhradec.cz\/de\/wp-json\/wp\/v2\/comments?post=352"}],"version-history":[{"count":0,"href":"https:\/\/www.grandhotelhradec.cz\/de\/wp-json\/wp\/v2\/pages\/352\/revisions"}],"up":[{"embeddable":true,"href":"https:\/\/www.grandhotelhradec.cz\/de\/wp-json\/wp\/v2\/pages\/39"}],"wp:featuredmedia":[{"embeddable":true,"href":"https:\/\/www.grandhotelhradec.cz\/de\/wp-json\/wp\/v2\/media\/353"}],"wp:attachment":[{"href":"https:\/\/www.grandhotelhradec.cz\/de\/wp-json\/wp\/v2\/media?parent=352"}],"curies":[{"name":"wp","href":"https:\/\/api.w.org\/{rel}","templated":true}]}}