{"id":35,"date":"2025-02-03T23:39:05","date_gmt":"2025-02-03T22:39:05","guid":{"rendered":"https:\/\/www.grandhotelhradec.cz\/?page_id=35"},"modified":"2026-01-12T13:26:39","modified_gmt":"2026-01-12T12:26:39","slug":"wellness","status":"publish","type":"page","link":"https:\/\/www.grandhotelhradec.cz\/de\/wellness\/","title":{"rendered":"Wellness"},"content":{"rendered":"<div class=\"wp-block-media-text has-media-on-the-right is-stacked-on-mobile is-image-fill-element\"><div class=\"wp-block-media-text__content\">\n<h2 class=\"wp-block-heading\">Bubbly Wellness<\/h2>\n\n\n\n<p>Willkommen im Bubbly Wellness im Herzen der Berge in Pec pod Sn\u011b\u017ekou, wo Natur mit Luxus und Komfort vereint ist. Unser Wellnessbereich ist eine Oase der Ruhe, in der Sie sich wohlverdiente Ruhe und Erholung g\u00f6nnen k\u00f6nnen.<\/p>\n\n\n\n<p>Unser Ruheraum bietet einen atemberaubenden Blick auf die malerische Bergwelt, die Sie zu jeder Jahreszeit verzaubert. Die nat\u00fcrliche Raumgestaltung schafft eine harmonische Atmosph\u00e4re, die Sie sofort in einen Zustand des Wohlbefindens und der Entspannung versetzt.<\/p>\n\n\n\n<p>Wir bieten eine breite Palette an Wellnessanwendungen und Massagen, die speziell auf die Entspannung von K\u00f6rper und Geist abgestimmt sind. Unsere Saunen, darunter finnische und Bio-Saunen, bieten Ihnen ein einzigartiges Erlebnis, w\u00e4hrend der gro\u00dfe Whirlpool und das Abk\u00fchlbecken nach einem anstrengenden, aktiven Tag in den Bergen f\u00fcr Erfrischung sorgen.<\/p>\n\n\n\n<p>Genie\u00dfen Sie die Ruhe und Entspannung auf unseren W\u00e4rmeliegen oder bei einem Spaziergang auf dem Kneipp-Pfad, der sich positiv auf Ihre Gesundheit auswirkt. Auch unsere Ruhezone l\u00e4dt zum Entspannen mit Blick auf die umliegende Natur ein.<\/p>\n\n\n\n<p>Bubbly Wellness ist ein Ort, an dem Tr\u00e4ume von perfekter Entspannung wahr werden.<\/p>\n\n\n\n<p>Wir freuen uns auf Ihren Besuch!<\/p>\n\n\n\n<div class=\"wp-block-buttons is-layout-flex wp-block-buttons-is-layout-flex\">\n<div class=\"wp-block-button\"><a class=\"wp-block-button__link wp-element-button\" href=\"https:\/\/www.grandhotelhradec.cz\/de\/bubbly-wellness\/\">Mehr \u00fcber Bubbly Wellness<\/a><\/div>\n<\/div>\n<\/div><figure class=\"wp-block-media-text__media\"><a href=\"https:\/\/www.grandhotelhradec.cz\/de\/wellness\/bubbly-wellness\/\"><img loading=\"lazy\" decoding=\"async\" width=\"2000\" height=\"1335\" src=\"https:\/\/www.grandhotelhradec.cz\/wp-content\/uploads\/2025\/02\/Wellness-Pec-pod-Snezkou-Grand-Hotel-Hradec-2000x1335.webp\" alt=\"Wellness - Pec pod Sn\u011b\u017ekou - Grand Hotel Hradec\" class=\"wp-image-227 size-large\" style=\"object-position:50% 50%\" srcset=\"https:\/\/www.grandhotelhradec.cz\/wp-content\/uploads\/2025\/02\/Wellness-Pec-pod-Snezkou-Grand-Hotel-Hradec-2000x1335.webp 2000w, https:\/\/www.grandhotelhradec.cz\/wp-content\/uploads\/2025\/02\/Wellness-Pec-pod-Snezkou-Grand-Hotel-Hradec-600x401.webp 600w\" sizes=\"auto, (max-width: 2000px) 100vw, 2000px\" \/><\/a><\/figure><\/div>\n\n\n\n<div class=\"wp-block-media-text is-stacked-on-mobile is-image-fill-element\"><figure class=\"wp-block-media-text__media\"><a href=\"https:\/\/www.grandhotelhradec.cz\/de\/wellness\/massage-und-rituale\/\"><img loading=\"lazy\" decoding=\"async\" width=\"600\" height=\"400\" src=\"https:\/\/www.grandhotelhradec.cz\/wp-content\/uploads\/2025\/02\/Masaze-Pec-pod-Snezkou-600x400.jpg\" alt=\"Massagen - Pec pod Sn\u011b\u017ekou\" class=\"wp-image-225 size-medium\" style=\"object-position:50% 50%\" srcset=\"https:\/\/www.grandhotelhradec.cz\/wp-content\/uploads\/2025\/02\/Masaze-Pec-pod-Snezkou-600x400.jpg 600w, https:\/\/www.grandhotelhradec.cz\/wp-content\/uploads\/2025\/02\/Masaze-Pec-pod-Snezkou.jpg 1920w\" sizes=\"auto, (max-width: 600px) 100vw, 600px\" \/><\/a><\/figure><div class=\"wp-block-media-text__content\">\n<h2 class=\"wp-block-heading\">Massage &amp; Rituale<\/h2>\n\n\n\n<p>Bubbly Wellness ist ein Ort, an dem Tr\u00e4ume von perfekter Entspannung wahr werden. \u00dcberlassen Sie sich der wohltuenden Pflege unserer professionellen Therapeuten und lassen Sie sich in einer perfekten Umgebung der Ruhe und des Wohlbefindens verw\u00f6hnen. G\u00f6nnen Sie sich etwas Besonderes und genie\u00dfen Sie Massagen, die Ihre Muskeln vollkommen entspannen, oder probieren Sie Hot-Stone-Massagen, die Sie w\u00e4rmen und beruhigen. Unsere besonderen Pure Fiji Rituale bieten Ihnen einzigartige K\u00f6rper- und Hautpflege, die Sie erfrischt und belebt. Alle Behandlungen werden mit Liebe und Sorgfalt durchgef\u00fchrt, wobei ausschlie\u00dflich hochwertige, sanfte und rein nat\u00fcrliche Kosmetik der Marke Pure Fiji zum Einsatz kommt.<\/p>\n\n\n\n<p>Kommen Sie und genie\u00dfen Sie Momente, die Sie mit Wohlbefinden und Harmonie erf\u00fcllen!<\/p>\n\n\n\n<div class=\"wp-block-buttons is-layout-flex wp-block-buttons-is-layout-flex\">\n<div class=\"wp-block-button\"><a class=\"wp-block-button__link wp-element-button\" href=\"https:\/\/www.grandhotelhradec.cz\/de\/massage-und-rituale\/\">Mehr zum Massage &amp; Rituale<\/a><\/div>\n<\/div>\n<\/div><\/div>\n\n\n\n<div class=\"wp-block-media-text has-media-on-the-right is-stacked-on-mobile is-image-fill-element\"><div class=\"wp-block-media-text__content\">\n<h2 class=\"wp-block-heading\">Tapeverband nach dem Gewichtheben<\/h2>\n\n\n\n<p><strong>Regeneration, Linderung, Bewegungsunterst\u00fctzung \u2013 eine moderne Form der Regeneration<\/strong><\/p>\n\n\n\n<p>Nach Sport, Wanderungen oder einem anstrengenden Tag haben Sie sich optimale Regeneration verdient. Taping hilft, Muskel- und Sehnenverspannungen zu l\u00f6sen, gereizte Bereiche zu beruhigen und die gesunde Funktion des Bewegungsapparates zu unterst\u00fctzen. Taping bei Bubbly Wellness ist eine sanfte Methode, die die Regeneration nach dem Sport f\u00f6rdert und Ihnen ein neues K\u00f6rpergef\u00fchl schenkt. Durch gezieltes Anlegen der Tapes k\u00f6nnen Muskeln und Sehnen wieder optimal funktionieren.<\/p>\n\n\n\n<p>Es handelt sich weder um eine Behandlung noch um einen Ersatz f\u00fcr medizinische Eingriffe. Taping ist f\u00fcr M\u00e4nner und Frauen gleicherma\u00dfen geeignet.<\/p>\n\n\n\n<div class=\"wp-block-buttons is-layout-flex wp-block-buttons-is-layout-flex\">\n<div class=\"wp-block-button\"><a class=\"wp-block-button__link wp-element-button\" href=\"https:\/\/www.grandhotelhradec.cz\/de\/wellness\/bandagieren-nach-der-belastung-2\/\">Mehr zum Thema Abkleben<\/a><\/div>\n<\/div>\n<\/div><figure class=\"wp-block-media-text__media\"><a href=\"https:\/\/www.grandhotelhradec.cz\/de\/wellness\/bandagieren-nach-der-belastung-2\/\"><img loading=\"lazy\" decoding=\"async\" width=\"2000\" height=\"1335\" src=\"https:\/\/www.grandhotelhradec.cz\/wp-content\/uploads\/2026\/01\/Tejpovani-po-zatezi-2000x1335.webp\" alt=\"Tapeverband nach dem Gewichtheben\" class=\"wp-image-1097 size-medium\" style=\"object-position:50% 50%\" srcset=\"https:\/\/www.grandhotelhradec.cz\/wp-content\/uploads\/2026\/01\/Tejpovani-po-zatezi-2000x1335.webp 2000w, https:\/\/www.grandhotelhradec.cz\/wp-content\/uploads\/2026\/01\/Tejpovani-po-zatezi-600x401.webp 600w, https:\/\/www.grandhotelhradec.cz\/wp-content\/uploads\/2026\/01\/Tejpovani-po-zatezi-18x12.webp 18w\" sizes=\"auto, (max-width: 2000px) 100vw, 2000px\" \/><\/a><\/figure><\/div>\n\n\n\n<div class=\"wp-block-media-text is-stacked-on-mobile is-image-fill-element\"><figure class=\"wp-block-media-text__media\"><a href=\"https:\/\/www.grandhotelhradec.cz\/wp-content\/uploads\/2025\/02\/Wellness-Hotel-Pec-pod-Snezkou.webp\"><img loading=\"lazy\" decoding=\"async\" width=\"2000\" height=\"1335\" src=\"https:\/\/www.grandhotelhradec.cz\/wp-content\/uploads\/2025\/02\/Wellness-Hotel-Pec-pod-Snezkou-2000x1335.webp\" alt=\"Wellness Hotel - Pec pod Sn\u011b\u017ekou\" class=\"wp-image-226 size-large\" style=\"object-position:50% 50%\" srcset=\"https:\/\/www.grandhotelhradec.cz\/wp-content\/uploads\/2025\/02\/Wellness-Hotel-Pec-pod-Snezkou-2000x1335.webp 2000w, https:\/\/www.grandhotelhradec.cz\/wp-content\/uploads\/2025\/02\/Wellness-Hotel-Pec-pod-Snezkou-600x401.webp 600w\" sizes=\"auto, (max-width: 2000px) 100vw, 2000px\" \/><\/a><\/figure><div class=\"wp-block-media-text__content\">\n<h2 class=\"wp-block-heading\">Kontakt &amp; Wellness-\u00d6ffnungszeiten<\/h2>\n\n\n\n<p><a href=\"tel:+420490509509\">+420 490 509 509<\/a><br><a href=\"mailto:wellness@grandhotelhradec.cz\">wellness@grandhotelhradec.cz<\/a><\/p>\n\n\n\n<figure class=\"wp-block-table is-style-regular\"><table><tbody><tr><td>Montag &nbsp;<\/td><td>12:00 &#8211; 20:00<\/td><\/tr><tr><td>Dienstag<\/td><td>12:00 &#8211; 20:00<\/td><\/tr><tr><td>Mittwoch<\/td><td>12:00 &#8211; 20:00<\/td><\/tr><tr><td>Donnerstag<\/td><td>12:00 &#8211; 20:00<\/td><\/tr><tr><td>Freitag<\/td><td>12:00 &#8211; 22:00<\/td><\/tr><tr><td>Samstag<\/td><td>11:00 &#8211; 22:00<\/td><\/tr><tr><td>Sonntag<\/td><td>11:00 &#8211; 20:00<\/td><\/tr><\/tbody><\/table><\/figure>\n<\/div><\/div>\n\n\n\n<div style=\"height:100px\" aria-hidden=\"true\" class=\"wp-block-spacer\"><\/div>\n\n\n\n<figure class=\"wp-block-gallery has-nested-images columns-4 is-cropped wp-block-gallery-1 is-layout-flex wp-block-gallery-is-layout-flex\">\n<figure class=\"wp-block-image size-medium\"><a href=\"https:\/\/www.grandhotelhradec.cz\/wp-content\/uploads\/2025\/02\/Vyrivka-Pec-pod-Snezkou-02.jpg\"><img loading=\"lazy\" decoding=\"async\" width=\"600\" height=\"401\" data-id=\"255\" src=\"https:\/\/www.grandhotelhradec.cz\/wp-content\/uploads\/2025\/02\/Vyrivka-Pec-pod-Snezkou-02-600x401.jpg\" alt=\"Vyrivka - Pec pod Sn\u011b\u017ekou 02\" class=\"wp-image-255\" srcset=\"https:\/\/www.grandhotelhradec.cz\/wp-content\/uploads\/2025\/02\/Vyrivka-Pec-pod-Snezkou-02-600x401.jpg 600w, https:\/\/www.grandhotelhradec.cz\/wp-content\/uploads\/2025\/02\/Vyrivka-Pec-pod-Snezkou-02-2000x1335.jpg 2000w\" sizes=\"auto, (max-width: 600px) 100vw, 600px\" \/><\/a><\/figure>\n\n\n\n<figure class=\"wp-block-image size-medium\"><a href=\"https:\/\/www.grandhotelhradec.cz\/wp-content\/uploads\/2025\/02\/Vyrivka-Pec-pod-Snezkou-01.jpg\"><img loading=\"lazy\" decoding=\"async\" width=\"600\" height=\"401\" data-id=\"254\" src=\"https:\/\/www.grandhotelhradec.cz\/wp-content\/uploads\/2025\/02\/Vyrivka-Pec-pod-Snezkou-01-600x401.jpg\" alt=\"Vyrivka - Pec pod Sn\u011b\u017ekou 01\" class=\"wp-image-254\" srcset=\"https:\/\/www.grandhotelhradec.cz\/wp-content\/uploads\/2025\/02\/Vyrivka-Pec-pod-Snezkou-01-600x401.jpg 600w, https:\/\/www.grandhotelhradec.cz\/wp-content\/uploads\/2025\/02\/Vyrivka-Pec-pod-Snezkou-01-2000x1335.jpg 2000w\" sizes=\"auto, (max-width: 600px) 100vw, 600px\" \/><\/a><\/figure>\n\n\n\n<figure class=\"wp-block-image size-medium\"><a href=\"https:\/\/www.grandhotelhradec.cz\/wp-content\/uploads\/2025\/02\/Wellness-Pec-pod-Snezkou-03.jpg\"><img loading=\"lazy\" decoding=\"async\" width=\"600\" height=\"401\" data-id=\"258\" src=\"https:\/\/www.grandhotelhradec.cz\/wp-content\/uploads\/2025\/02\/Wellness-Pec-pod-Snezkou-03-600x401.jpg\" alt=\"Wellness - Pec pod Sn\u011b\u017ekou 03\" class=\"wp-image-258\" srcset=\"https:\/\/www.grandhotelhradec.cz\/wp-content\/uploads\/2025\/02\/Wellness-Pec-pod-Snezkou-03-600x401.jpg 600w, https:\/\/www.grandhotelhradec.cz\/wp-content\/uploads\/2025\/02\/Wellness-Pec-pod-Snezkou-03-2000x1335.jpg 2000w\" sizes=\"auto, (max-width: 600px) 100vw, 600px\" \/><\/a><\/figure>\n\n\n\n<figure class=\"wp-block-image size-medium\"><a href=\"https:\/\/www.grandhotelhradec.cz\/wp-content\/uploads\/2025\/02\/Privatni-wellness-Pec-pod-Snezkou-02.jpg\"><img loading=\"lazy\" decoding=\"async\" width=\"600\" height=\"401\" data-id=\"247\" src=\"https:\/\/www.grandhotelhradec.cz\/wp-content\/uploads\/2025\/02\/Privatni-wellness-Pec-pod-Snezkou-02-600x401.jpg\" alt=\"Private Wellness - Pec pod Sn\u011b\u017ekou 02\" class=\"wp-image-247\" srcset=\"https:\/\/www.grandhotelhradec.cz\/wp-content\/uploads\/2025\/02\/Privatni-wellness-Pec-pod-Snezkou-02-600x401.jpg 600w, https:\/\/www.grandhotelhradec.cz\/wp-content\/uploads\/2025\/02\/Privatni-wellness-Pec-pod-Snezkou-02-2000x1335.jpg 2000w\" sizes=\"auto, (max-width: 600px) 100vw, 600px\" \/><\/a><\/figure>\n\n\n\n<figure class=\"wp-block-image size-medium\"><a href=\"https:\/\/www.grandhotelhradec.cz\/wp-content\/uploads\/2025\/02\/Privatni-wellness-Pec-pod-Snezkou-03.jpg\"><img loading=\"lazy\" decoding=\"async\" width=\"600\" height=\"401\" data-id=\"248\" src=\"https:\/\/www.grandhotelhradec.cz\/wp-content\/uploads\/2025\/02\/Privatni-wellness-Pec-pod-Snezkou-03-600x401.jpg\" alt=\"Private Wellness - Pec pod Sn\u011b\u017ekou 03\" class=\"wp-image-248\" srcset=\"https:\/\/www.grandhotelhradec.cz\/wp-content\/uploads\/2025\/02\/Privatni-wellness-Pec-pod-Snezkou-03-600x401.jpg 600w, https:\/\/www.grandhotelhradec.cz\/wp-content\/uploads\/2025\/02\/Privatni-wellness-Pec-pod-Snezkou-03-2000x1335.jpg 2000w\" sizes=\"auto, (max-width: 600px) 100vw, 600px\" \/><\/a><\/figure>\n\n\n\n<figure class=\"wp-block-image size-medium\"><a href=\"https:\/\/www.grandhotelhradec.cz\/wp-content\/uploads\/2025\/02\/Privatni-wellness-Pec-pod-Snezkou-04.jpg\"><img loading=\"lazy\" decoding=\"async\" width=\"600\" height=\"401\" data-id=\"249\" src=\"https:\/\/www.grandhotelhradec.cz\/wp-content\/uploads\/2025\/02\/Privatni-wellness-Pec-pod-Snezkou-04-600x401.jpg\" alt=\"Private Wellness - Pec pod Sn\u011b\u017ekou 04\" class=\"wp-image-249\" srcset=\"https:\/\/www.grandhotelhradec.cz\/wp-content\/uploads\/2025\/02\/Privatni-wellness-Pec-pod-Snezkou-04-600x401.jpg 600w, https:\/\/www.grandhotelhradec.cz\/wp-content\/uploads\/2025\/02\/Privatni-wellness-Pec-pod-Snezkou-04-2000x1335.jpg 2000w\" sizes=\"auto, (max-width: 600px) 100vw, 600px\" \/><\/a><\/figure>\n\n\n\n<figure class=\"wp-block-image size-medium\"><a href=\"https:\/\/www.grandhotelhradec.cz\/wp-content\/uploads\/2025\/02\/Privatni-wellness-Pec-pod-Snezkou-01.jpg\"><img loading=\"lazy\" decoding=\"async\" width=\"600\" height=\"401\" data-id=\"246\" src=\"https:\/\/www.grandhotelhradec.cz\/wp-content\/uploads\/2025\/02\/Privatni-wellness-Pec-pod-Snezkou-01-600x401.jpg\" alt=\"Privat Wellness - Pec pod Sn\u011b\u017ekou 01\" class=\"wp-image-246\" srcset=\"https:\/\/www.grandhotelhradec.cz\/wp-content\/uploads\/2025\/02\/Privatni-wellness-Pec-pod-Snezkou-01-600x401.jpg 600w, https:\/\/www.grandhotelhradec.cz\/wp-content\/uploads\/2025\/02\/Privatni-wellness-Pec-pod-Snezkou-01-2000x1335.jpg 2000w\" sizes=\"auto, (max-width: 600px) 100vw, 600px\" \/><\/a><\/figure>\n\n\n\n<figure class=\"wp-block-image size-medium\"><a href=\"https:\/\/www.grandhotelhradec.cz\/wp-content\/uploads\/2025\/02\/Privatni-wellness-Pec-pod-Snezkou-05.jpg\"><img loading=\"lazy\" decoding=\"async\" width=\"600\" height=\"401\" data-id=\"250\" src=\"https:\/\/www.grandhotelhradec.cz\/wp-content\/uploads\/2025\/02\/Privatni-wellness-Pec-pod-Snezkou-05-600x401.jpg\" alt=\"Private Wellness - Pec pod Sn\u011b\u017ekou 05\" class=\"wp-image-250\" srcset=\"https:\/\/www.grandhotelhradec.cz\/wp-content\/uploads\/2025\/02\/Privatni-wellness-Pec-pod-Snezkou-05-600x401.jpg 600w, https:\/\/www.grandhotelhradec.cz\/wp-content\/uploads\/2025\/02\/Privatni-wellness-Pec-pod-Snezkou-05-2000x1335.jpg 2000w\" sizes=\"auto, (max-width: 600px) 100vw, 600px\" \/><\/a><\/figure>\n\n\n\n<figure class=\"wp-block-image size-medium\"><a href=\"https:\/\/www.grandhotelhradec.cz\/wp-content\/uploads\/2025\/02\/Privatni-wellness-Pec-pod-Snezkou-06.jpg\"><img loading=\"lazy\" decoding=\"async\" width=\"600\" height=\"401\" data-id=\"251\" src=\"https:\/\/www.grandhotelhradec.cz\/wp-content\/uploads\/2025\/02\/Privatni-wellness-Pec-pod-Snezkou-06-600x401.jpg\" alt=\"Private Wellness - Pec pod Sn\u011b\u017ekou 06\" class=\"wp-image-251\" srcset=\"https:\/\/www.grandhotelhradec.cz\/wp-content\/uploads\/2025\/02\/Privatni-wellness-Pec-pod-Snezkou-06-600x401.jpg 600w, https:\/\/www.grandhotelhradec.cz\/wp-content\/uploads\/2025\/02\/Privatni-wellness-Pec-pod-Snezkou-06-2000x1335.jpg 2000w\" sizes=\"auto, (max-width: 600px) 100vw, 600px\" \/><\/a><\/figure>\n\n\n\n<figure class=\"wp-block-image size-medium\"><a href=\"https:\/\/www.grandhotelhradec.cz\/wp-content\/uploads\/2025\/02\/Finska-Sauna-Pec-pod-Snezkou-Grand-Hotel-Hradec.jpg\"><img loading=\"lazy\" decoding=\"async\" width=\"600\" height=\"401\" data-id=\"244\" src=\"https:\/\/www.grandhotelhradec.cz\/wp-content\/uploads\/2025\/02\/Finska-Sauna-Pec-pod-Snezkou-Grand-Hotel-Hradec-600x401.jpg\" alt=\"Finnische Sauna - Pec pod Sn\u011b\u017ekou - Grand Hotel Hradec\" class=\"wp-image-244\" srcset=\"https:\/\/www.grandhotelhradec.cz\/wp-content\/uploads\/2025\/02\/Finska-Sauna-Pec-pod-Snezkou-Grand-Hotel-Hradec-600x401.jpg 600w, https:\/\/www.grandhotelhradec.cz\/wp-content\/uploads\/2025\/02\/Finska-Sauna-Pec-pod-Snezkou-Grand-Hotel-Hradec-2000x1335.jpg 2000w\" sizes=\"auto, (max-width: 600px) 100vw, 600px\" \/><\/a><\/figure>\n\n\n\n<figure class=\"wp-block-image size-medium\"><a href=\"https:\/\/www.grandhotelhradec.cz\/wp-content\/uploads\/2025\/02\/Sauna-Pec-pod-Snezkou-Grand-Hotel-Hradec.jpg\"><img loading=\"lazy\" decoding=\"async\" width=\"600\" height=\"401\" data-id=\"252\" src=\"https:\/\/www.grandhotelhradec.cz\/wp-content\/uploads\/2025\/02\/Sauna-Pec-pod-Snezkou-Grand-Hotel-Hradec-600x401.jpg\" alt=\"Sauna - Pec pod Sn\u011b\u017ekou - Grand Hotel Hradec\" class=\"wp-image-252\" srcset=\"https:\/\/www.grandhotelhradec.cz\/wp-content\/uploads\/2025\/02\/Sauna-Pec-pod-Snezkou-Grand-Hotel-Hradec-600x401.jpg 600w, https:\/\/www.grandhotelhradec.cz\/wp-content\/uploads\/2025\/02\/Sauna-Pec-pod-Snezkou-Grand-Hotel-Hradec-2000x1335.jpg 2000w\" sizes=\"auto, (max-width: 600px) 100vw, 600px\" \/><\/a><\/figure>\n\n\n\n<figure class=\"wp-block-image size-medium\"><a href=\"https:\/\/www.grandhotelhradec.cz\/wp-content\/uploads\/2025\/02\/Sauna-Pec-pod-Snezkou.jpg\"><img loading=\"lazy\" decoding=\"async\" width=\"600\" height=\"401\" data-id=\"253\" src=\"https:\/\/www.grandhotelhradec.cz\/wp-content\/uploads\/2025\/02\/Sauna-Pec-pod-Snezkou-600x401.jpg\" alt=\"Sauna - Pec pod Sn\u011b\u017ekou\" class=\"wp-image-253\" srcset=\"https:\/\/www.grandhotelhradec.cz\/wp-content\/uploads\/2025\/02\/Sauna-Pec-pod-Snezkou-600x401.jpg 600w, https:\/\/www.grandhotelhradec.cz\/wp-content\/uploads\/2025\/02\/Sauna-Pec-pod-Snezkou-2000x1335.jpg 2000w\" sizes=\"auto, (max-width: 600px) 100vw, 600px\" \/><\/a><\/figure>\n\n\n\n<figure class=\"wp-block-image size-medium\"><a href=\"https:\/\/www.grandhotelhradec.cz\/wp-content\/uploads\/2025\/02\/Wellness-Pec-pod-Snezkou-01.jpg\"><img loading=\"lazy\" decoding=\"async\" width=\"600\" height=\"401\" data-id=\"256\" src=\"https:\/\/www.grandhotelhradec.cz\/wp-content\/uploads\/2025\/02\/Wellness-Pec-pod-Snezkou-01-600x401.jpg\" alt=\"Wellness - Pec pod Sn\u011b\u017ekou 01\" class=\"wp-image-256\" srcset=\"https:\/\/www.grandhotelhradec.cz\/wp-content\/uploads\/2025\/02\/Wellness-Pec-pod-Snezkou-01-600x401.jpg 600w, https:\/\/www.grandhotelhradec.cz\/wp-content\/uploads\/2025\/02\/Wellness-Pec-pod-Snezkou-01-2000x1335.jpg 2000w\" sizes=\"auto, (max-width: 600px) 100vw, 600px\" \/><\/a><\/figure>\n\n\n\n<figure class=\"wp-block-image size-medium\"><a href=\"https:\/\/www.grandhotelhradec.cz\/wp-content\/uploads\/2025\/02\/Wellness-Pec-pod-Snezkou-04.jpg\"><img loading=\"lazy\" decoding=\"async\" width=\"600\" height=\"401\" data-id=\"259\" src=\"https:\/\/www.grandhotelhradec.cz\/wp-content\/uploads\/2025\/02\/Wellness-Pec-pod-Snezkou-04-600x401.jpg\" alt=\"Wellness - Pec pod Sn\u011b\u017ekou 04\" class=\"wp-image-259\" srcset=\"https:\/\/www.grandhotelhradec.cz\/wp-content\/uploads\/2025\/02\/Wellness-Pec-pod-Snezkou-04-600x401.jpg 600w, https:\/\/www.grandhotelhradec.cz\/wp-content\/uploads\/2025\/02\/Wellness-Pec-pod-Snezkou-04-2000x1335.jpg 2000w\" sizes=\"auto, (max-width: 600px) 100vw, 600px\" \/><\/a><\/figure>\n\n\n\n<figure class=\"wp-block-image size-medium\"><a href=\"https:\/\/www.grandhotelhradec.cz\/wp-content\/uploads\/2025\/02\/Wellness-Pec-pod-Snezkou-02.jpg\"><img loading=\"lazy\" decoding=\"async\" width=\"600\" height=\"401\" data-id=\"257\" src=\"https:\/\/www.grandhotelhradec.cz\/wp-content\/uploads\/2025\/02\/Wellness-Pec-pod-Snezkou-02-600x401.jpg\" alt=\"Wellness - Pec pod Sn\u011b\u017ekou 02\" class=\"wp-image-257\" srcset=\"https:\/\/www.grandhotelhradec.cz\/wp-content\/uploads\/2025\/02\/Wellness-Pec-pod-Snezkou-02-600x401.jpg 600w, https:\/\/www.grandhotelhradec.cz\/wp-content\/uploads\/2025\/02\/Wellness-Pec-pod-Snezkou-02-2000x1335.jpg 2000w\" sizes=\"auto, (max-width: 600px) 100vw, 600px\" \/><\/a><\/figure>\n\n\n\n<figure class=\"wp-block-image size-medium\"><a href=\"https:\/\/www.grandhotelhradec.cz\/wp-content\/uploads\/2025\/02\/Masaze-Pec-pod-Snezkou-01.jpg\"><img loading=\"lazy\" decoding=\"async\" width=\"600\" height=\"401\" data-id=\"245\" src=\"https:\/\/www.grandhotelhradec.cz\/wp-content\/uploads\/2025\/02\/Masaze-Pec-pod-Snezkou-01-600x401.jpg\" alt=\"Massagen - Pec pod Sn\u011b\u017ekou 01\" class=\"wp-image-245\" srcset=\"https:\/\/www.grandhotelhradec.cz\/wp-content\/uploads\/2025\/02\/Masaze-Pec-pod-Snezkou-01-600x401.jpg 600w, https:\/\/www.grandhotelhradec.cz\/wp-content\/uploads\/2025\/02\/Masaze-Pec-pod-Snezkou-01-2000x1335.jpg 2000w\" sizes=\"auto, (max-width: 600px) 100vw, 600px\" \/><\/a><\/figure>\n<\/figure>","protected":false},"excerpt":{"rendered":"<p>Kontakty a otev\u00edrac\u00ed doba +420 490 509 509wellness@grandhotelhradec.cz Pond\u011bl\u00ed &nbsp; 12:00 &#8211; 20:00 \u00dater\u00fd 12:00 &#8211; 20:00 St\u0159eda 12:00 &#8211; 20:00 \u010ctvrtek 12:00 &#8211; 20:00 P\u00e1tek 12:00 &#8211; 22:00 Sobota 11:00 &#8211; 22:00 Ned\u011ble 11:00 &#8211; 20:00<\/p>","protected":false},"author":1,"featured_media":222,"parent":0,"menu_order":0,"comment_status":"closed","ping_status":"closed","template":"","meta":{"footnotes":""},"class_list":["post-35","page","type-page","status-publish","has-post-thumbnail","hentry"],"_links":{"self":[{"href":"https:\/\/www.grandhotelhradec.cz\/de\/wp-json\/wp\/v2\/pages\/35","targetHints":{"allow":["GET"]}}],"collection":[{"href":"https:\/\/www.grandhotelhradec.cz\/de\/wp-json\/wp\/v2\/pages"}],"about":[{"href":"https:\/\/www.grandhotelhradec.cz\/de\/wp-json\/wp\/v2\/types\/page"}],"author":[{"embeddable":true,"href":"https:\/\/www.grandhotelhradec.cz\/de\/wp-json\/wp\/v2\/users\/1"}],"replies":[{"embeddable":true,"href":"https:\/\/www.grandhotelhradec.cz\/de\/wp-json\/wp\/v2\/comments?post=35"}],"version-history":[{"count":12,"href":"https:\/\/www.grandhotelhradec.cz\/de\/wp-json\/wp\/v2\/pages\/35\/revisions"}],"predecessor-version":[{"id":1100,"href":"https:\/\/www.grandhotelhradec.cz\/de\/wp-json\/wp\/v2\/pages\/35\/revisions\/1100"}],"wp:featuredmedia":[{"embeddable":true,"href":"https:\/\/www.grandhotelhradec.cz\/de\/wp-json\/wp\/v2\/media\/222"}],"wp:attachment":[{"href":"https:\/\/www.grandhotelhradec.cz\/de\/wp-json\/wp\/v2\/media?parent=35"}],"curies":[{"name":"wp","href":"https:\/\/api.w.org\/{rel}","templated":true}]}}