{"id":349,"date":"2025-02-14T23:02:20","date_gmt":"2025-02-14T22:02:20","guid":{"rendered":"https:\/\/www.grandhotelhradec.cz\/?page_id=349"},"modified":"2026-04-12T22:17:24","modified_gmt":"2026-04-12T20:17:24","slug":"oko-bauernhof-am-waldhaus","status":"publish","type":"page","link":"https:\/\/www.grandhotelhradec.cz\/de\/entdecken-sie-pec-pod-snezkou\/oko-bauernhof-am-waldhaus\/","title":{"rendered":"\u00d6ko-Farm bei der Waldbaude"},"content":{"rendered":"<p>Die Waldbaude (Lesn\u00ed bouda) liegt an der Haupttouristenstrecke, die von Pec pod Sn\u011b\u017ekou zu den K\u00e4mmen des Riesengebirges f\u00fchrt. Auf der Terrasse des hiesigen Restaurants k\u00f6nnen Sie sich an den grasenden Herden erfreuen und einige der Spezialit\u00e4ten des Riesengebirges probieren. Verpassen Sie nicht die spannende Erz\u00e4hlung \u00fcber die Schaf- und Ziegenzucht oder die traditionelle Verarbeitung der Schafwolle.<\/p>\n\n\n\n<p><\/p>","protected":false},"excerpt":{"rendered":"<p>Die Waldbaude (Lesn\u00ed bouda) liegt an der Haupttouristenstrecke, die von Pec pod Sn\u011b\u017ekou zu den K\u00e4mmen des Riesengebirges f\u00fchrt. Auf der Terrasse des hiesigen Restaurants k\u00f6nnen Sie sich an den grasenden Herden erfreuen und einige der Spezialit\u00e4ten des Riesengebirges probieren. Verpassen Sie nicht die spannende Erz\u00e4hlung \u00fcber die Schaf- und Ziegenzucht oder die traditionelle Verarbeitung der Schafwolle.<\/p>","protected":false},"author":1,"featured_media":350,"parent":39,"menu_order":8,"comment_status":"closed","ping_status":"closed","template":"aktivity.php","meta":{"footnotes":""},"class_list":["post-349","page","type-page","status-publish","has-post-thumbnail","hentry"],"_links":{"self":[{"href":"https:\/\/www.grandhotelhradec.cz\/de\/wp-json\/wp\/v2\/pages\/349","targetHints":{"allow":["GET"]}}],"collection":[{"href":"https:\/\/www.grandhotelhradec.cz\/de\/wp-json\/wp\/v2\/pages"}],"about":[{"href":"https:\/\/www.grandhotelhradec.cz\/de\/wp-json\/wp\/v2\/types\/page"}],"author":[{"embeddable":true,"href":"https:\/\/www.grandhotelhradec.cz\/de\/wp-json\/wp\/v2\/users\/1"}],"replies":[{"embeddable":true,"href":"https:\/\/www.grandhotelhradec.cz\/de\/wp-json\/wp\/v2\/comments?post=349"}],"version-history":[{"count":0,"href":"https:\/\/www.grandhotelhradec.cz\/de\/wp-json\/wp\/v2\/pages\/349\/revisions"}],"up":[{"embeddable":true,"href":"https:\/\/www.grandhotelhradec.cz\/de\/wp-json\/wp\/v2\/pages\/39"}],"wp:featuredmedia":[{"embeddable":true,"href":"https:\/\/www.grandhotelhradec.cz\/de\/wp-json\/wp\/v2\/media\/350"}],"wp:attachment":[{"href":"https:\/\/www.grandhotelhradec.cz\/de\/wp-json\/wp\/v2\/media?parent=349"}],"curies":[{"name":"wp","href":"https:\/\/api.w.org\/{rel}","templated":true}]}}