{"id":345,"date":"2025-02-14T22:59:32","date_gmt":"2025-02-14T21:59:32","guid":{"rendered":"https:\/\/www.grandhotelhradec.cz\/?page_id=345"},"modified":"2026-04-12T22:17:24","modified_gmt":"2026-04-12T20:17:24","slug":"monkey-park-kletterzentrum","status":"publish","type":"page","link":"https:\/\/www.grandhotelhradec.cz\/de\/entdecken-sie-pec-pod-snezkou\/monkey-park-kletterzentrum\/","title":{"rendered":"Monkey Park - Kletterzentrum"},"content":{"rendered":"<p class=\"translation-block\">Der Seilpark <strong>Monkey Park in Pec pod Sn\u011b\u017ekou<\/strong>, 2 Gehminuten vom Grand Hotel Hradec entfernt, besteht aus 22 aufeinanderfolgenden Seilhindernissen mit 4 Br\u00fccken (\u00dcberg\u00e4ngen) \u00fcber einen Fluss und einen Damm und bietet originelle und einzigartige Unterhaltung f\u00fcr alle Altersgruppen.<\/p>\n\n\n\n<p>Wenn Sie den Seilpark vom Turm aus mit einer 70 Meter langen \u00dcberquerung der Peck-Talsperre betreten, betreten Sie einen der sch\u00f6nsten Rundwege in der wundersch\u00f6nen Natur des Riesengebirges. \u00dcber Schwierigkeiten muss man sich keine Sorgen machen, jeder durchquert den Monkey Park entsprechend seinen F\u00e4higkeiten und das Parkpersonal steht Ihnen jederzeit mit Rat und Tat zur Verf\u00fcgung. Es gibt 4 Br\u00fccken (\u00dcberg\u00e4nge) \u00fcber einen Fluss und einen Damm und bietet originelle und einzigartige Unterhaltung f\u00fcr alle Altersgruppen.<\/p>\n\n\n\n<figure data-wp-context=\"{&quot;imageId&quot;:&quot;69ecf5e597e80&quot;}\" data-wp-interactive=\"core\/image\" data-wp-key=\"69ecf5e597e80\" class=\"wp-block-image size-large wp-lightbox-container\"><img loading=\"lazy\" decoding=\"async\" width=\"2000\" height=\"1146\" data-wp-class--hide=\"state.isContentHidden\" data-wp-class--show=\"state.isContentVisible\" data-wp-init=\"callbacks.setButtonStyles\" data-wp-on--click=\"actions.showLightbox\" data-wp-on--load=\"callbacks.setButtonStyles\" data-wp-on-window--resize=\"callbacks.setButtonStyles\" src=\"https:\/\/www.grandhotelhradec.cz\/wp-content\/uploads\/2025\/02\/Lanovy-park-Monkey-Park-Pec-pod-Snezkou-01-2000x1146.webp\" alt=\"Monkey Park - Kletterzentrum \u2013 Pec pod Sn\u011b\u017ekou 01\" class=\"wp-image-347\" srcset=\"https:\/\/www.grandhotelhradec.cz\/wp-content\/uploads\/2025\/02\/Lanovy-park-Monkey-Park-Pec-pod-Snezkou-01-2000x1146.webp 2000w, https:\/\/www.grandhotelhradec.cz\/wp-content\/uploads\/2025\/02\/Lanovy-park-Monkey-Park-Pec-pod-Snezkou-01-600x344.webp 600w, https:\/\/www.grandhotelhradec.cz\/wp-content\/uploads\/2025\/02\/Lanovy-park-Monkey-Park-Pec-pod-Snezkou-01.webp 2048w\" sizes=\"auto, (max-width: 2000px) 100vw, 2000px\" \/><button\n\t\t\tclass=\"lightbox-trigger\"\n\t\t\ttype=\"button\"\n\t\t\taria-haspopup=\"dialog\"\n\t\t\taria-label=\"Vergr\u00f6\u00dfern\"\n\t\t\tdata-wp-init=\"callbacks.initTriggerButton\"\n\t\t\tdata-wp-on--click=\"actions.showLightbox\"\n\t\t\tdata-wp-style--right=\"state.imageButtonRight\"\n\t\t\tdata-wp-style--top=\"state.imageButtonTop\"\n\t\t>\n\t\t\t<svg xmlns=\"http:\/\/www.w3.org\/2000\/svg\" width=\"12\" height=\"12\" fill=\"none\" viewbox=\"0 0 12 12\">\n\t\t\t\t<path fill=\"#fff\" d=\"M2 0a2 2 0 0 0-2 2v2h1.5V2a.5.5 0 0 1 .5-.5h2V0H2Zm2 10.5H2a.5.5 0 0 1-.5-.5V8H0v2a2 2 0 0 0 2 2h2v-1.5ZM8 12v-1.5h2a.5.5 0 0 0 .5-.5V8H12v2a2 2 0 0 1-2 2H8Zm2-12a2 2 0 0 1 2 2v2h-1.5V2a.5.5 0 0 0-.5-.5H8V0h2Z\" \/>\n\t\t\t<\/svg>\n\t\t<\/button><\/figure>\n\n\n\n<p>Der Zutritt zum Affenpark ist Kindern und Erwachsenen ab einer K\u00f6rpergr\u00f6\u00dfe von 140 cm gestattet. Zur Pflichtausr\u00fcstung geh\u00f6ren ein Sitzgurt mit Karabinerhaken und Flaschenzug, ein Helm und Schutzhandschuhe.<\/p>\n\n\n\n<p>Der Kinderseilpark ist f\u00fcr Kinder bis 140 cm und ab 4 Jahren gedacht. F\u00fcr Kinder gibt es 3 Rundkursvarianten und eine Kinder\u00fcberquerung \u2013 Fly. Kinder k\u00f6nnen das erstaunliche Gef\u00fchl von zwei \u00dcberquerungen des oberen Teils der Pe\u010d-Talsperre absolvieren und erleben. Die Route mit Kindern wird immer von einem der Guides absolviert und die Kinder stehen unter st\u00e4ndiger Aufsicht erfahrener Guides. Erg\u00e4nzt wird das Angebot f\u00fcr Kinder durch eine Kletterwand und Bogenschie\u00dfen.<\/p>","protected":false},"excerpt":{"rendered":"<p>Lanov\u00fd park Monkey Park v Peci pod Sn\u011b\u017ekou, vzd\u00e1len\u00fd 2 minuty ch\u016fze od Grand Hotelu Hradec, se skl\u00e1d\u00e1 z 22 po sob\u011b jdouc\u00edch lanov\u00fdch p\u0159ek\u00e1\u017eek se 4 p\u0159emost\u011bn\u00edmi (p\u0159ejezdy) p\u0159es \u0159eku a p\u0159ehradu a nab\u00edz\u00ed origin\u00e1ln\u00ed a jedine\u010dnou z\u00e1bavu vhodnou pro v\u0161echny v\u011bkov\u00e9 kategorie. N\u00e1stupem do lanov\u00e9ho parku\u00a0z v\u011b\u017ee s dlouh\u00fdm 70 metrov\u00fdm p\u0159ejezdem\u00a0p\u0159es peckou [&hellip;]<\/p>","protected":false},"author":1,"featured_media":346,"parent":39,"menu_order":6,"comment_status":"closed","ping_status":"closed","template":"aktivity.php","meta":{"footnotes":""},"class_list":["post-345","page","type-page","status-publish","has-post-thumbnail","hentry"],"_links":{"self":[{"href":"https:\/\/www.grandhotelhradec.cz\/de\/wp-json\/wp\/v2\/pages\/345","targetHints":{"allow":["GET"]}}],"collection":[{"href":"https:\/\/www.grandhotelhradec.cz\/de\/wp-json\/wp\/v2\/pages"}],"about":[{"href":"https:\/\/www.grandhotelhradec.cz\/de\/wp-json\/wp\/v2\/types\/page"}],"author":[{"embeddable":true,"href":"https:\/\/www.grandhotelhradec.cz\/de\/wp-json\/wp\/v2\/users\/1"}],"replies":[{"embeddable":true,"href":"https:\/\/www.grandhotelhradec.cz\/de\/wp-json\/wp\/v2\/comments?post=345"}],"version-history":[{"count":0,"href":"https:\/\/www.grandhotelhradec.cz\/de\/wp-json\/wp\/v2\/pages\/345\/revisions"}],"up":[{"embeddable":true,"href":"https:\/\/www.grandhotelhradec.cz\/de\/wp-json\/wp\/v2\/pages\/39"}],"wp:featuredmedia":[{"embeddable":true,"href":"https:\/\/www.grandhotelhradec.cz\/de\/wp-json\/wp\/v2\/media\/346"}],"wp:attachment":[{"href":"https:\/\/www.grandhotelhradec.cz\/de\/wp-json\/wp\/v2\/media?parent=345"}],"curies":[{"name":"wp","href":"https:\/\/api.w.org\/{rel}","templated":true}]}}