{"id":339,"date":"2025-02-14T22:49:12","date_gmt":"2025-02-14T21:49:12","guid":{"rendered":"https:\/\/www.grandhotelhradec.cz\/?page_id=339"},"modified":"2026-04-12T22:17:24","modified_gmt":"2026-04-12T20:17:24","slug":"riesental","status":"publish","type":"page","link":"https:\/\/www.grandhotelhradec.cz\/de\/entdecken-sie-pec-pod-snezkou\/riesental\/","title":{"rendered":"Riesental"},"content":{"rendered":"<p class=\"translation-block\">Das m\u00e4chtige Riesental befindet sich im Riesengebirge-Nationalpark und erstreckt sich zwischen Pec pod Sn\u011b\u017ekou und dem Fu\u00df der Schneekoppe. Durch das Tal f\u00fchrt ein markierter Wanderweg, der Sie in den Sommermonaten auf die Spitze der Schneekoppe f\u00fchrt. F\u00fcr angenehme Momente auf Ihrem Weg sorgen malerische Bergh\u00fctten oder ein Besuch des sog. R\u00fcbezahl-Gartens mit vielen seltenen Pflanzen.<\/p>","protected":false},"excerpt":{"rendered":"<p class=\"translation-block\">Das m\u00e4chtige Riesental befindet sich im Riesengebirge-Nationalpark und erstreckt sich zwischen Pec pod Sn\u011b\u017ekou und dem Fu\u00df der Schneekoppe. Durch das Tal f\u00fchrt ein markierter Wanderweg, der Sie in den Sommermonaten auf die Spitze der Schneekoppe f\u00fchrt. F\u00fcr angenehme Momente auf Ihrem Weg sorgen malerische Bergh\u00fctten oder ein Besuch des sog. R\u00fcbezahl-Gartens mit vielen seltenen Pflanzen.<\/p>","protected":false},"author":1,"featured_media":340,"parent":39,"menu_order":12,"comment_status":"closed","ping_status":"closed","template":"aktivity.php","meta":{"footnotes":""},"class_list":["post-339","page","type-page","status-publish","has-post-thumbnail","hentry"],"_links":{"self":[{"href":"https:\/\/www.grandhotelhradec.cz\/de\/wp-json\/wp\/v2\/pages\/339","targetHints":{"allow":["GET"]}}],"collection":[{"href":"https:\/\/www.grandhotelhradec.cz\/de\/wp-json\/wp\/v2\/pages"}],"about":[{"href":"https:\/\/www.grandhotelhradec.cz\/de\/wp-json\/wp\/v2\/types\/page"}],"author":[{"embeddable":true,"href":"https:\/\/www.grandhotelhradec.cz\/de\/wp-json\/wp\/v2\/users\/1"}],"replies":[{"embeddable":true,"href":"https:\/\/www.grandhotelhradec.cz\/de\/wp-json\/wp\/v2\/comments?post=339"}],"version-history":[{"count":0,"href":"https:\/\/www.grandhotelhradec.cz\/de\/wp-json\/wp\/v2\/pages\/339\/revisions"}],"up":[{"embeddable":true,"href":"https:\/\/www.grandhotelhradec.cz\/de\/wp-json\/wp\/v2\/pages\/39"}],"wp:featuredmedia":[{"embeddable":true,"href":"https:\/\/www.grandhotelhradec.cz\/de\/wp-json\/wp\/v2\/media\/340"}],"wp:attachment":[{"href":"https:\/\/www.grandhotelhradec.cz\/de\/wp-json\/wp\/v2\/media?parent=339"}],"curies":[{"name":"wp","href":"https:\/\/api.w.org\/{rel}","templated":true}]}}