{"id":336,"date":"2025-02-14T22:37:57","date_gmt":"2025-02-14T21:37:57","guid":{"rendered":"https:\/\/www.grandhotelhradec.cz\/?page_id=336"},"modified":"2026-05-03T23:20:47","modified_gmt":"2026-05-03T21:20:47","slug":"blaues-tal","status":"publish","type":"page","link":"https:\/\/www.grandhotelhradec.cz\/de\/objevujte-pec-pod-snezkou\/modry-dul\/","title":{"rendered":"Blaues Tal"},"content":{"rendered":"<p class=\"translation-block\">Das Blaue Tal (Modr\u00fd d\u016fl) ist eines der sch\u00f6nsten T\u00e4ler im Riesengebirge am Fu\u00dfe des Brunnbergs (Studni\u010dn\u00ed) und Waldbergs (Lesn\u00ed). Neben der einzigartigen Natur nimmt Sie im Tal sicher auch die historische Bergsiedlung mit Fachwerkh\u00e4usern, die zur Denkmalzone des Dorfes erkl\u00e4rt wurde, gefangen. Das Blaue Tal erstreckt sich bis in die streng geh\u00fcteten Schutzzonen des Riesengebirge-Nationalparks und wurde 2013 zu den sieben Wundern des Riesengebirges gereiht.<\/p>","protected":false},"excerpt":{"rendered":"<p class=\"translation-block\">Das Blaue Tal (Modr\u00fd d\u016fl) ist eines der sch\u00f6nsten T\u00e4ler im Riesengebirge am Fu\u00dfe des Brunnbergs (Studni\u010dn\u00ed) und Waldbergs (Lesn\u00ed). Neben der einzigartigen Natur nimmt Sie im Tal sicher auch die historische Bergsiedlung mit Fachwerkh\u00e4usern, die zur Denkmalzone des Dorfes erkl\u00e4rt wurde, gefangen. Das Blaue Tal erstreckt sich bis in die streng geh\u00fcteten Schutzzonen des Riesengebirge-Nationalparks und wurde 2013 zu den sieben Wundern des Riesengebirges gereiht.<\/p>","protected":false},"author":1,"featured_media":1224,"parent":39,"menu_order":11,"comment_status":"closed","ping_status":"closed","template":"aktivity.php","meta":{"footnotes":""},"class_list":["post-336","page","type-page","status-publish","has-post-thumbnail","hentry"],"_links":{"self":[{"href":"https:\/\/www.grandhotelhradec.cz\/de\/wp-json\/wp\/v2\/pages\/336","targetHints":{"allow":["GET"]}}],"collection":[{"href":"https:\/\/www.grandhotelhradec.cz\/de\/wp-json\/wp\/v2\/pages"}],"about":[{"href":"https:\/\/www.grandhotelhradec.cz\/de\/wp-json\/wp\/v2\/types\/page"}],"author":[{"embeddable":true,"href":"https:\/\/www.grandhotelhradec.cz\/de\/wp-json\/wp\/v2\/users\/1"}],"replies":[{"embeddable":true,"href":"https:\/\/www.grandhotelhradec.cz\/de\/wp-json\/wp\/v2\/comments?post=336"}],"version-history":[{"count":1,"href":"https:\/\/www.grandhotelhradec.cz\/de\/wp-json\/wp\/v2\/pages\/336\/revisions"}],"predecessor-version":[{"id":1225,"href":"https:\/\/www.grandhotelhradec.cz\/de\/wp-json\/wp\/v2\/pages\/336\/revisions\/1225"}],"up":[{"embeddable":true,"href":"https:\/\/www.grandhotelhradec.cz\/de\/wp-json\/wp\/v2\/pages\/39"}],"wp:featuredmedia":[{"embeddable":true,"href":"https:\/\/www.grandhotelhradec.cz\/de\/wp-json\/wp\/v2\/media\/1224"}],"wp:attachment":[{"href":"https:\/\/www.grandhotelhradec.cz\/de\/wp-json\/wp\/v2\/media?parent=336"}],"curies":[{"name":"wp","href":"https:\/\/api.w.org\/{rel}","templated":true}]}}