{"id":333,"date":"2025-02-14T01:11:54","date_gmt":"2025-02-14T00:11:54","guid":{"rendered":"https:\/\/www.grandhotelhradec.cz\/?page_id=333"},"modified":"2026-04-12T22:17:24","modified_gmt":"2026-04-12T20:17:24","slug":"aussichtsturm-brauner-hugel","status":"publish","type":"page","link":"https:\/\/www.grandhotelhradec.cz\/de\/entdecken-sie-pec-pod-snezkou\/aussichtsturm-brauner-hugel\/","title":{"rendered":"Aussichtsturm Brauner H\u00fcgel"},"content":{"rendered":"<p>Der Aussichtsturm Brauner H\u00fcgel (Hn\u011bd\u00fd vrch) \u00fcber Pec pod Sn\u011b\u017ekou ist der h\u00f6chste Aussichtsturm im Riesengebirge. Er befindet sich nahe der Seilbahnendstation, kann aber auch zu Fu\u00df erreicht werden. Der Aussichtsturm bietet einen einzigartigen Ausblick auf die K\u00e4mme des Riesengebirges, insbesondere auf die Schneekoppe (Sn\u011b\u017eka), den Hochwiesenberg (Lu\u010dn\u00ed hora) und den Brunnberg (Studni\u010dn\u00ed hora). Bei gutem Wetter k\u00f6nnen Sie auch das Adlergebirge (Orlick\u00e9 hory) oder das Altvatergebirge (Jesen\u00edky) sehen.<\/p>","protected":false},"excerpt":{"rendered":"<p>Der Aussichtsturm Brauner H\u00fcgel (Hn\u011bd\u00fd vrch) \u00fcber Pec pod Sn\u011b\u017ekou ist der h\u00f6chste Aussichtsturm im Riesengebirge. Er befindet sich nahe der Seilbahnendstation, kann aber auch zu Fu\u00df erreicht werden. Der Aussichtsturm bietet einen einzigartigen Ausblick auf die K\u00e4mme des Riesengebirges, insbesondere auf die Schneekoppe (Sn\u011b\u017eka), den Hochwiesenberg (Lu\u010dn\u00ed hora) und den Brunnberg (Studni\u010dn\u00ed hora). Bei gutem Wetter k\u00f6nnen Sie auch das Adlergebirge (Orlick\u00e9 hory) oder das Altvatergebirge (Jesen\u00edky) sehen.<\/p>","protected":false},"author":1,"featured_media":753,"parent":39,"menu_order":13,"comment_status":"closed","ping_status":"closed","template":"aktivity.php","meta":{"footnotes":""},"class_list":["post-333","page","type-page","status-publish","has-post-thumbnail","hentry"],"_links":{"self":[{"href":"https:\/\/www.grandhotelhradec.cz\/de\/wp-json\/wp\/v2\/pages\/333","targetHints":{"allow":["GET"]}}],"collection":[{"href":"https:\/\/www.grandhotelhradec.cz\/de\/wp-json\/wp\/v2\/pages"}],"about":[{"href":"https:\/\/www.grandhotelhradec.cz\/de\/wp-json\/wp\/v2\/types\/page"}],"author":[{"embeddable":true,"href":"https:\/\/www.grandhotelhradec.cz\/de\/wp-json\/wp\/v2\/users\/1"}],"replies":[{"embeddable":true,"href":"https:\/\/www.grandhotelhradec.cz\/de\/wp-json\/wp\/v2\/comments?post=333"}],"version-history":[{"count":1,"href":"https:\/\/www.grandhotelhradec.cz\/de\/wp-json\/wp\/v2\/pages\/333\/revisions"}],"predecessor-version":[{"id":754,"href":"https:\/\/www.grandhotelhradec.cz\/de\/wp-json\/wp\/v2\/pages\/333\/revisions\/754"}],"up":[{"embeddable":true,"href":"https:\/\/www.grandhotelhradec.cz\/de\/wp-json\/wp\/v2\/pages\/39"}],"wp:featuredmedia":[{"embeddable":true,"href":"https:\/\/www.grandhotelhradec.cz\/de\/wp-json\/wp\/v2\/media\/753"}],"wp:attachment":[{"href":"https:\/\/www.grandhotelhradec.cz\/de\/wp-json\/wp\/v2\/media?parent=333"}],"curies":[{"name":"wp","href":"https:\/\/api.w.org\/{rel}","templated":true}]}}