{"id":33,"date":"2025-02-03T23:38:55","date_gmt":"2025-02-03T22:38:55","guid":{"rendered":"https:\/\/www.grandhotelhradec.cz\/?page_id=33"},"modified":"2026-03-30T00:34:57","modified_gmt":"2026-03-29T22:34:57","slug":"konferenzraeume","status":"publish","type":"page","link":"https:\/\/www.grandhotelhradec.cz\/de\/konferencni-prostory\/","title":{"rendered":"Konferenzr\u00e4ume"},"content":{"rendered":"\n<h2 class=\"wp-block-heading\">Kapacita a\u017e 180 osob<\/h2>\n\n\n\n<p>Hled\u00e1te reprezentativn\u00ed prostory pro uspo\u0159\u00e1d\u00e1n\u00ed \u0161kolen\u00ed, konference, obchodn\u00edho jedn\u00e1n\u00ed, ve\u0159ejn\u00e9 projekce, workshopu \u010di soukrom\u00e9 oslavy? Chcete, aby V\u00e1s obklopoval kr\u00e1sn\u00fd, \u00fa\u010deln\u011b promy\u0161len\u00fd interi\u00e9r s rekuperac\u00ed \u010derstv\u00e9ho vzduchu, dostatkem denn\u00edho sv\u011btla, vybaven\u00fd nejmodern\u011bj\u0161\u00edm technick\u00fdm z\u00e1zem\u00edm? Pokud je Va\u0161e odpov\u011b\u010f kladn\u00e1, pak jsou na\u0161e konferen\u010dn\u00ed prostory p\u0159esn\u011b t\u00edm, co hled\u00e1te. Bonusem pro \u00fa\u010dastn\u00edky je okouzluj\u00edc\u00ed venkovn\u00ed atrium mezi jednac\u00edmi m\u00edstnostmi a samoz\u0159ejmost\u00ed je n\u00e1\u0161 profesion\u00e1ln\u00ed servis i skv\u011bl\u00e1 gastronomie.<\/p>\n\n\n\n<p>Pokud V\u00e1s zaj\u00edmaj\u00ed podrobn\u011bj\u0161\u00ed informace o mo\u017enostech uspo\u0159\u00e1d\u00e1n\u00ed konferen\u010dn\u00edch prostor, teambuildingov\u00fdch aktivit\u00e1ch \u010di na\u0161em hotelu, p\u0159ipravili jsme pro V\u00e1s prospekt pro konference na n\u00e1sleduj\u00edc\u00edm odkaze:&nbsp;<\/p>\n\n\n\n<ul class=\"wp-block-list\">\n<li><a href=\"https:\/\/www.grandhotelhradec.cz\/wp-content\/uploads\/GHH-factsheet-2.3.pdf\" target=\"_blank\" rel=\"noreferrer noopener\">Fact Sheet \u2013 Grand Hotel Hradec<\/a><\/li>\n\n\n\n<li><a href=\"https:\/\/www.grandhotelhradec.cz\/wp-content\/uploads\/Banketova-mapy-GHH-2025.pdf\" target=\"_blank\" rel=\"noreferrer noopener\">Banketov\u00e1 mapa \u2013 Grand Hotel Hradec<\/a><\/li>\n<\/ul>\n\n\n\n<h2 class=\"wp-block-heading\">Jarn\u00ed nab\u00eddka pro nov\u00e9 popt\u00e1vky:<\/h2>\n\n\n\n<ul class=\"wp-block-list\">\n<li><strong>Speci\u00e1ln\u00ed zv\u00fdhodn\u011bn\u00e9 ceny ubytov\u00e1n\u00ed<\/strong><\/li>\n\n\n\n<li><strong>100% sleva na pron\u00e1jem kongresov\u00fdch prostor<\/strong><\/li>\n\n\n\n<li><strong>Vstup do wellness do 17:00 zdarma<\/strong><\/li>\n<\/ul>\n\n\n\n<p>Kontaktujte n\u00e1s a spole\u010dn\u011b domluv\u00edme v\u0161echny detaily p\u0159\u00edmo V\u00e1m na m\u00edru<br><a href=\"tel:+420720955325\">+420 720\u00a0955\u00a0325<\/a>\u00a0\/\u00a0<a href=\"mailto:sales@grandhotelhradec.cz\">sales@grandhotelhradec.cz<\/a> \/ p\u0159\u00edpadn\u011b vyu\u017eijte formul\u00e1\u0159 n\u00ed\u017ee &#8230;<\/p>\n\n\n\n<figure class=\"wp-block-gallery has-nested-images columns-default is-cropped wp-block-gallery-1 is-layout-flex wp-block-gallery-is-layout-flex\">\n<figure class=\"wp-block-image size-medium\"><a href=\"https:\/\/www.grandhotelhradec.cz\/wp-content\/uploads\/2025\/02\/Firemni-akce-Pec-pod-Snezkou.jpg\"><img loading=\"lazy\" decoding=\"async\" width=\"600\" height=\"401\" data-id=\"218\" src=\"https:\/\/www.grandhotelhradec.cz\/wp-content\/uploads\/2025\/02\/Firemni-akce-Pec-pod-Snezkou-600x401.jpg\" alt=\"Firemn\u00ed akce Pec pod Sn\u011b\u017ekou\" class=\"wp-image-218\" srcset=\"https:\/\/www.grandhotelhradec.cz\/wp-content\/uploads\/2025\/02\/Firemni-akce-Pec-pod-Snezkou-600x401.jpg 600w, https:\/\/www.grandhotelhradec.cz\/wp-content\/uploads\/2025\/02\/Firemni-akce-Pec-pod-Snezkou.jpg 1366w\" sizes=\"auto, (max-width: 600px) 100vw, 600px\" \/><\/a><\/figure>\n\n\n\n<figure class=\"wp-block-image size-medium\"><a href=\"https:\/\/www.grandhotelhradec.cz\/wp-content\/uploads\/2025\/02\/Konference-Pec-pod-Snezkou.jpg\"><img loading=\"lazy\" decoding=\"async\" width=\"600\" height=\"401\" data-id=\"219\" src=\"https:\/\/www.grandhotelhradec.cz\/wp-content\/uploads\/2025\/02\/Konference-Pec-pod-Snezkou-600x401.jpg\" alt=\"Konference Pec pod Sn\u011b\u017ekou\" class=\"wp-image-219\" srcset=\"https:\/\/www.grandhotelhradec.cz\/wp-content\/uploads\/2025\/02\/Konference-Pec-pod-Snezkou-600x401.jpg 600w, https:\/\/www.grandhotelhradec.cz\/wp-content\/uploads\/2025\/02\/Konference-Pec-pod-Snezkou.jpg 1366w\" sizes=\"auto, (max-width: 600px) 100vw, 600px\" \/><\/a><\/figure>\n\n\n\n<figure class=\"wp-block-image size-medium\"><a href=\"https:\/\/www.grandhotelhradec.cz\/wp-content\/uploads\/2025\/02\/Teambuilding-Pec-pod-Snezkou.jpg\"><img loading=\"lazy\" decoding=\"async\" width=\"600\" height=\"401\" data-id=\"217\" src=\"https:\/\/www.grandhotelhradec.cz\/wp-content\/uploads\/2025\/02\/Teambuilding-Pec-pod-Snezkou-600x401.jpg\" alt=\"Teambuilding Pec pod Sn\u011b\u017ekou\" class=\"wp-image-217\" srcset=\"https:\/\/www.grandhotelhradec.cz\/wp-content\/uploads\/2025\/02\/Teambuilding-Pec-pod-Snezkou-600x401.jpg 600w, https:\/\/www.grandhotelhradec.cz\/wp-content\/uploads\/2025\/02\/Teambuilding-Pec-pod-Snezkou.jpg 1366w\" sizes=\"auto, (max-width: 600px) 100vw, 600px\" \/><\/a><\/figure>\n<\/figure>\n\n\n\n<h2 class=\"wp-block-heading\">Nez\u00e1vazn\u00e1 popt\u00e1vka<\/h2>\n\n\n<style id=\"wpforms-css-vars-911\">\n\t\t\t\t#wpforms-911 {\n\t\t\t\t--wpforms-field-size-input-height: 43px;\n--wpforms-field-size-input-spacing: 15px;\n--wpforms-field-size-font-size: 16px;\n--wpforms-field-size-line-height: 19px;\n--wpforms-field-size-padding-h: 14px;\n--wpforms-field-size-checkbox-size: 16px;\n--wpforms-field-size-sublabel-spacing: 5px;\n--wpforms-field-size-icon-size: 1;\n--wpforms-label-size-font-size: 16px;\n--wpforms-label-size-line-height: 19px;\n--wpforms-label-size-sublabel-font-size: 14px;\n--wpforms-label-size-sublabel-line-height: 17px;\n--wpforms-button-size-font-size: 17px;\n--wpforms-button-size-height: 41px;\n--wpforms-button-size-padding-h: 15px;\n--wpforms-button-size-margin-top: 10px;\n--wpforms-container-shadow-size-box-shadow: none;\n\t\t\t}\n\t\t\t<\/style><div class=\"wpforms-container wpforms-container-full wpforms-render-modern\" id=\"wpforms-911\"><form id=\"wpforms-form-911\" class=\"wpforms-validate wpforms-form wpforms-ajax-form\" data-formid=\"911\" method=\"post\" enctype=\"multipart\/form-data\" action=\"\/de\/wp-json\/wp\/v2\/pages\/33\" data-token=\"0b19a231ca89150e063ec889d39f2ab4\" data-token-time=\"1778323158\"><noscript class=\"wpforms-error-noscript\">Bitte aktiviere JavaScript in deinem Browser, um dieses Formular fertigzustellen.<\/noscript><div id=\"wpforms-error-noscript\" style=\"display: none;\">Bitte aktiviere JavaScript in deinem Browser, um dieses Formular fertigzustellen.<\/div><div class=\"wpforms-field-container\"><div id=\"wpforms-911-field_0-container\" class=\"wpforms-field wpforms-field-name\" data-field-id=\"0\"><fieldset><legend class=\"wpforms-field-label\">Jm\u00e9no <span class=\"wpforms-required-label\" aria-hidden=\"true\">*<\/span><\/legend><div class=\"wpforms-field-row wpforms-field-large\"><div class=\"wpforms-field-row-block wpforms-first wpforms-one-half\"><input type=\"text\" id=\"wpforms-911-field_0\" class=\"wpforms-field-name-first wpforms-field-required\" name=\"wpforms[fields][0][first]\" aria-errormessage=\"wpforms-911-field_0-error\" required><label for=\"wpforms-911-field_0\" class=\"wpforms-field-sublabel after\">Vorname<\/label><\/div><div class=\"wpforms-field-row-block wpforms-one-half\"><input type=\"text\" id=\"wpforms-911-field_0-last\" class=\"wpforms-field-name-last wpforms-field-required\" name=\"wpforms[fields][0][last]\" aria-errormessage=\"wpforms-911-field_0-last-error\" required><label for=\"wpforms-911-field_0-last\" class=\"wpforms-field-sublabel after\">Nachname<\/label><\/div><\/div><\/fieldset><\/div><div id=\"wpforms-911-field_10-container\" class=\"wpforms-field wpforms-field-layout\" data-field-id=\"10\"><div class=\"wpforms-field-layout-rows wpforms-field-large\"><div class=\"wpforms-layout-row\"><div class=\"wpforms-layout-column wpforms-layout-column-50\"><div id=\"wpforms-911-field_1-container\" class=\"wpforms-field wpforms-field-email\" data-field-id=\"1\"><label class=\"wpforms-field-label\" for=\"wpforms-911-field_1\">E-mail <span class=\"wpforms-required-label\" aria-hidden=\"true\">*<\/span><\/label><input type=\"email\" id=\"wpforms-911-field_1\" class=\"wpforms-field-medium wpforms-field-required\" name=\"wpforms[fields][1]\" spellcheck=\"false\" aria-errormessage=\"wpforms-911-field_1-error\" required><\/div><\/div><div class=\"wpforms-layout-column wpforms-layout-column-50\"><div id=\"wpforms-911-field_5-container\" class=\"wpforms-field wpforms-field-phone\" data-field-id=\"5\"><label class=\"wpforms-field-label\" for=\"wpforms-911-field_5\">Telefon<\/label><input type=\"tel\" id=\"wpforms-911-field_5\" class=\"wpforms-field-medium wpforms-smart-phone-field\" data-rule-smart-phone-field=\"true\" name=\"wpforms[fields][5]\" aria-label=\"Telefon\" aria-errormessage=\"wpforms-911-field_5-error\" ><\/div><\/div><\/div><\/div><\/div><div id=\"wpforms-911-field_11-container\" class=\"wpforms-field wpforms-field-layout\" data-field-id=\"11\"><div class=\"wpforms-field-layout-rows wpforms-field-large\"><div class=\"wpforms-layout-row\"><div class=\"wpforms-layout-column wpforms-layout-column-50\"><div id=\"wpforms-911-field_6-container\" class=\"wpforms-field wpforms-field-date-time\" data-field-id=\"6\"><label class=\"wpforms-field-label\" for=\"wpforms-911-field_6\">Datum od<\/label><div class=\"wpforms-datepicker-wrap\"><input type=\"text\" id=\"wpforms-911-field_6\" class=\"wpforms-field-date-time-date wpforms-datepicker wpforms-field-medium\" data-date-format=\"d\/m\/Y\" data-disable-past-dates=\"1\" data-disable-todays-date=\"0\" data-input=\"true\" name=\"wpforms[fields][6][date]\" aria-errormessage=\"wpforms-911-field_6-error\" ><a title=\"Datum leeren\" data-clear role=\"button\" tabindex=\"0\" class=\"wpforms-datepicker-clear\" aria-label=\"Datum leeren\" style=\"display:none;\"><\/a><\/div><\/div><\/div><div class=\"wpforms-layout-column wpforms-layout-column-50\"><div id=\"wpforms-911-field_7-container\" class=\"wpforms-field wpforms-field-date-time\" data-field-id=\"7\"><label class=\"wpforms-field-label\" for=\"wpforms-911-field_7\">Datum do<\/label><div class=\"wpforms-datepicker-wrap\"><input type=\"text\" id=\"wpforms-911-field_7\" class=\"wpforms-field-date-time-date wpforms-datepicker wpforms-field-medium\" data-date-format=\"d\/m\/Y\" data-disable-past-dates=\"1\" data-disable-todays-date=\"0\" data-input=\"true\" name=\"wpforms[fields][7][date]\" aria-errormessage=\"wpforms-911-field_7-error\" ><a title=\"Datum leeren\" data-clear role=\"button\" tabindex=\"0\" class=\"wpforms-datepicker-clear\" aria-label=\"Datum leeren\" style=\"display:none;\"><\/a><\/div><\/div><\/div><\/div><\/div><\/div><div id=\"wpforms-911-field_12-container\" class=\"wpforms-field wpforms-field-layout\" data-field-id=\"12\"><div class=\"wpforms-field-layout-rows wpforms-field-large\"><div class=\"wpforms-layout-row\"><div class=\"wpforms-layout-column wpforms-layout-column-50\"><div id=\"wpforms-911-field_9-container\" class=\"wpforms-field wpforms-field-number\" data-field-id=\"9\"><label class=\"wpforms-field-label\" for=\"wpforms-911-field_9\">Po\u010det osob <span class=\"wpforms-required-label\" aria-hidden=\"true\">*<\/span><\/label><input type=\"number\" id=\"wpforms-911-field_9\" class=\"wpforms-field-medium wpforms-field-required\" name=\"wpforms[fields][9]\" step=\"any\" aria-errormessage=\"wpforms-911-field_9-error\" required><\/div><\/div><div class=\"wpforms-layout-column wpforms-layout-column-50\"><div id=\"wpforms-911-field_4-container\" class=\"wpforms-field wpforms-field-text\" data-field-id=\"4\"><label class=\"wpforms-field-label\" for=\"wpforms-911-field_4\">Spole\u010dnost<\/label><input type=\"text\" id=\"wpforms-911-field_4\" class=\"wpforms-field-medium\" name=\"wpforms[fields][4]\" aria-errormessage=\"wpforms-911-field_4-error\" ><\/div><\/div><\/div><\/div><\/div><div id=\"wpforms-911-field_2-container\" class=\"wpforms-field wpforms-field-textarea\" data-field-id=\"2\"><label class=\"wpforms-field-label\" for=\"wpforms-911-field_2\">Koment\u00e1\u0159 nebo zpr\u00e1va<\/label><textarea id=\"wpforms-911-field_2\" class=\"wpforms-field-medium\" name=\"wpforms[fields][2]\" aria-errormessage=\"wpforms-911-field_2-error\" ><\/textarea><\/div><\/div><!-- .wpforms-field-container --><div class=\"wpforms-recaptcha-container wpforms-is-recaptcha wpforms-is-recaptcha-type-invisible\" ><div class=\"g-recaptcha\" data-sitekey=\"6Le7bdsqAAAAAHoQcYedGgPiKoXAKydj16cMv_dO\" data-size=\"invisible\"><\/div><\/div><div class=\"wpforms-submit-container\" ><input type=\"hidden\" name=\"wpforms[id]\" value=\"911\"><input type=\"hidden\" name=\"page_title\" value=\"\"><input type=\"hidden\" name=\"page_url\" value=\"https:\/\/www.grandhotelhradec.cz\/de\/wp-json\/wp\/v2\/pages\/33\"><input type=\"hidden\" name=\"url_referer\" value=\"\"><button type=\"submit\" name=\"wpforms[submit]\" id=\"wpforms-submit-911\" class=\"wpforms-submit\" data-alt-text=\"Odes\u00edl\u00e1ni...\" data-submit-text=\"Odeslat nez\u00e1vaznou popt\u00e1vku\" aria-live=\"assertive\" value=\"wpforms-submit\">Odeslat nez\u00e1vaznou popt\u00e1vku<\/button><img loading=\"lazy\" decoding=\"async\" src=\"https:\/\/www.grandhotelhradec.cz\/wp-content\/plugins\/wpforms\/assets\/images\/submit-spin.svg\" class=\"wpforms-submit-spinner\" style=\"display: none;\" width=\"26\" height=\"26\" alt=\"Wird geladen\"><\/div><\/form><\/div>  <!-- .wpforms-container -->\n","protected":false},"excerpt":{"rendered":"<p>Kapacita a\u017e 180 osob Hled\u00e1te reprezentativn\u00ed prostory pro uspo\u0159\u00e1d\u00e1n\u00ed \u0161kolen\u00ed, konference, obchodn\u00edho jedn\u00e1n\u00ed, ve\u0159ejn\u00e9 projekce, workshopu \u010di soukrom\u00e9 oslavy? Chcete, aby V\u00e1s obklopoval kr\u00e1sn\u00fd, \u00fa\u010deln\u011b promy\u0161len\u00fd interi\u00e9r s rekuperac\u00ed \u010derstv\u00e9ho vzduchu, dostatkem denn\u00edho sv\u011btla, vybaven\u00fd nejmodern\u011bj\u0161\u00edm technick\u00fdm z\u00e1zem\u00edm? Pokud je Va\u0161e odpov\u011b\u010f kladn\u00e1, pak jsou na\u0161e konferen\u010dn\u00ed prostory p\u0159esn\u011b t\u00edm, co hled\u00e1te. Bonusem pro \u00fa\u010dastn\u00edky [&hellip;]<\/p>\n","protected":false},"author":1,"featured_media":218,"parent":0,"menu_order":0,"comment_status":"closed","ping_status":"closed","template":"","meta":{"footnotes":""},"class_list":["post-33","page","type-page","status-publish","has-post-thumbnail","hentry"],"_links":{"self":[{"href":"https:\/\/www.grandhotelhradec.cz\/de\/wp-json\/wp\/v2\/pages\/33","targetHints":{"allow":["GET"]}}],"collection":[{"href":"https:\/\/www.grandhotelhradec.cz\/de\/wp-json\/wp\/v2\/pages"}],"about":[{"href":"https:\/\/www.grandhotelhradec.cz\/de\/wp-json\/wp\/v2\/types\/page"}],"author":[{"embeddable":true,"href":"https:\/\/www.grandhotelhradec.cz\/de\/wp-json\/wp\/v2\/users\/1"}],"replies":[{"embeddable":true,"href":"https:\/\/www.grandhotelhradec.cz\/de\/wp-json\/wp\/v2\/comments?post=33"}],"version-history":[{"count":5,"href":"https:\/\/www.grandhotelhradec.cz\/de\/wp-json\/wp\/v2\/pages\/33\/revisions"}],"predecessor-version":[{"id":1155,"href":"https:\/\/www.grandhotelhradec.cz\/de\/wp-json\/wp\/v2\/pages\/33\/revisions\/1155"}],"wp:featuredmedia":[{"embeddable":true,"href":"https:\/\/www.grandhotelhradec.cz\/de\/wp-json\/wp\/v2\/media\/218"}],"wp:attachment":[{"href":"https:\/\/www.grandhotelhradec.cz\/de\/wp-json\/wp\/v2\/media?parent=33"}],"curies":[{"name":"wp","href":"https:\/\/api.w.org\/{rel}","templated":true}]}}