{"id":329,"date":"2025-02-14T01:08:30","date_gmt":"2025-02-14T00:08:30","guid":{"rendered":"https:\/\/www.grandhotelhradec.cz\/?page_id=329"},"modified":"2026-04-12T22:17:24","modified_gmt":"2026-04-12T20:17:24","slug":"spiellandschaft-pecka","status":"publish","type":"page","link":"https:\/\/www.grandhotelhradec.cz\/de\/entdecken-sie-pec-pod-snezkou\/spiellandschaft-pecka\/","title":{"rendered":"Spiellandschaft Pecka"},"content":{"rendered":"<p>Die Spiellandschaft von Pecka pr\u00e4sentiert eine einzigartige Sammlung \u00fcberlebensgro\u00dfer Holztiermodelle, Seilwege und Kletterger\u00fcste. Sie k\u00f6nnen es kostenlos an der Bergstation der Port\u00e1\u0161ky-Seilbahn in Velk\u00e1 \u00dapa, nur 2,5 km vom Grand Hotel Hradec entfernt, besuchen.<\/p>\n\n\n\n<p class=\"translation-block\">Die <strong>Spiellandschaft Pecka<\/strong> stellt das Leben in den \u00c4sten der B\u00e4ume, auf einer Wiese und in der N\u00e4he eines Gebirgsbaches dar, das typisch f\u00fcr die <a href=\"https:\/\/www.kudyznudy.cz\/kam-pojedete\/krkonose-a-podkrkonosi.aspx\" target=\"_self\">Krkono\u0161ka<\/a>-Natur ist. Wanderweg <strong>am <a href=\"https:\/\/www.kudyznudy.cz\/aktivity\/horska-chata-portasky-v-krkonosich\" target=\"_self\">Port\u00e1\u0161ovy-K\u00f6rper<\/a> <\/strong>auf einer H\u00f6he von 1062 m \u00fcber dem Meeresspiegel. M. Es gibt mehr als zehn <strong>Standorte mit Holzskulpturen<\/strong>, die charakteristische Tiere, Insekten oder V\u00f6gel <a href=\"https:\/\/www.kudyznudy.cz\/kam-pojedete\/krkonose-a-podkrkonosi.aspx\" target=\"_self\">Krkono\u0161e<\/a> darstellen.<\/p>\n\n\n\n<p class=\"translation-block\">Die <strong>Spiellandschaft<\/strong> besteht aus drei Teilen: der <strong>Wasserwelt, der Baumkronenwelt und dem Wiesenteil<\/strong>. Ein Teil entsteht auf der Wiese, der zweite im Wald und der dritte an der Grenze zwischen Wald und Wiese. Eine interessante Besonderheit im Waldteil ist ein \u00fcber dem Boden zwischen Baumst\u00e4mmen schwebender Gehweg. Dort entdecken Sie auch <strong>Modelle von Vogelnestern<\/strong>, die typisch f\u00fcr <a href=\"https:\/\/www.kudyznudy.cz\/aktivity\/krkonossky-narodni-park\" target=\"_self\">Krkono\u0161e<\/a> sind. Vom Aussichtspunkt aus <strong>Hirschgeweihen<\/strong> genie\u00dfen nicht nur Kinder die Aussicht auf die Region. Auf dem Dachbodengang k\u00f6nnen Sie zwischen einer <strong>riesigen Holzstatue eines Luchses<\/strong>, einer Viper oder eines Spindelwirtels hindurchgehen. Alle diese Elemente sind begehbar und Kinder k\u00f6nnen sogar darauf klettern.<\/p>\n\n\n\n<p class=\"translation-block\">Sie k\u00f6nnen auch durch <strong>Fuchs- oder Dachsh\u00f6hlen<\/strong> kriechen, lernen, Tierspuren zu erkennen, oder einen \u00fcberlebensgro\u00dfen Ameisenhaufen im Bau besichtigen. Kinder freuen sich auch \u00fcber die <strong>180 Meter lange Seilbahn zwischen den B\u00e4umen<\/strong>. Sie erfahren zum Beispiel, wie der seltene Schwarzstorch im Riesengebirge nistet.<\/p>\n\n\n\n<p class=\"translation-block\">R\u00fcsten Sie sich f\u00fcr die Reise mit einem <strong>Holzstein<\/strong> aus, der Ihnen dabei hilft, mehrere Wasserhindernisse und mechanische Hindernisse zu \u00fcberwinden. Das Pecky-Souvenir, eine Holzkugel, wird in der Wasserwelt am h\u00e4ufigsten verwendet. In der Installation <strong>Gro\u00dfer Salamander<\/strong>, die aus einem System von Holzk\u00e4sten (kleinen Tanks) besteht, testen Kinder ihre motorischen F\u00e4higkeiten und ihre Logik. Sie k\u00f6nnen es im Rollerverleih SkiResort Live oder beim Betreiber der Seilbahn an der Bergstation in Port\u00e1\u0161k\u00e9 kaufen. Aber auch ohne kann man viel Spa\u00df haben, ein Holzklotz ist keine Voraussetzung f\u00fcr den Einstieg in die Spiellandschaft.<\/p>\n\n\n\n<figure data-wp-context=\"{&quot;imageId&quot;:&quot;69ecf5e09a920&quot;}\" data-wp-interactive=\"core\/image\" data-wp-key=\"69ecf5e09a920\" class=\"wp-block-image size-large wp-lightbox-container\"><img loading=\"lazy\" decoding=\"async\" width=\"2000\" height=\"1330\" data-wp-class--hide=\"state.isContentHidden\" data-wp-class--show=\"state.isContentVisible\" data-wp-init=\"callbacks.setButtonStyles\" data-wp-on--click=\"actions.showLightbox\" data-wp-on--load=\"callbacks.setButtonStyles\" data-wp-on-window--resize=\"callbacks.setButtonStyles\" src=\"https:\/\/www.grandhotelhradec.cz\/wp-content\/uploads\/2025\/02\/Herni-krajina-Pecka-Pec-pod-Snezkou-01-2000x1330.webp\" alt=\"Spiellandschaft Pecka \u2013 Pec pod Sn\u011b\u017ekou 01\" class=\"wp-image-331\" srcset=\"https:\/\/www.grandhotelhradec.cz\/wp-content\/uploads\/2025\/02\/Herni-krajina-Pecka-Pec-pod-Snezkou-01-2000x1330.webp 2000w, https:\/\/www.grandhotelhradec.cz\/wp-content\/uploads\/2025\/02\/Herni-krajina-Pecka-Pec-pod-Snezkou-01-600x399.webp 600w\" sizes=\"auto, (max-width: 2000px) 100vw, 2000px\" \/><button\n\t\t\tclass=\"lightbox-trigger\"\n\t\t\ttype=\"button\"\n\t\t\taria-haspopup=\"dialog\"\n\t\t\taria-label=\"Vergr\u00f6\u00dfern\"\n\t\t\tdata-wp-init=\"callbacks.initTriggerButton\"\n\t\t\tdata-wp-on--click=\"actions.showLightbox\"\n\t\t\tdata-wp-style--right=\"state.imageButtonRight\"\n\t\t\tdata-wp-style--top=\"state.imageButtonTop\"\n\t\t>\n\t\t\t<svg xmlns=\"http:\/\/www.w3.org\/2000\/svg\" width=\"12\" height=\"12\" fill=\"none\" viewbox=\"0 0 12 12\">\n\t\t\t\t<path fill=\"#fff\" d=\"M2 0a2 2 0 0 0-2 2v2h1.5V2a.5.5 0 0 1 .5-.5h2V0H2Zm2 10.5H2a.5.5 0 0 1-.5-.5V8H0v2a2 2 0 0 0 2 2h2v-1.5ZM8 12v-1.5h2a.5.5 0 0 0 .5-.5V8H12v2a2 2 0 0 1-2 2H8Zm2-12a2 2 0 0 1 2 2v2h-1.5V2a.5.5 0 0 0-.5-.5H8V0h2Z\" \/>\n\t\t\t<\/svg>\n\t\t<\/button><\/figure>\n\n\n\n<h2 class=\"wp-block-heading\">Roller<\/h2>\n\n\n\n<p>Von Pecka aus kann man mit Rollern hinunterfahren. Einen Rollerverleih finden Sie in Port\u00e1\u0161k\u00e1, direkt neben der Bergstation des Sessellifts, oder unten in Velk\u00e1 \u00dapa.&nbsp;<\/p>\n\n\n\n<p><strong>WIE KOMMT MAN DIREKT VOM OFEN UNTER DEM SCHNEE IN DIE SPIELLANDSCHAFT?&nbsp;<\/strong><\/p>\n\n\n\n<p>Wenn Sie direkt von Peca pod Sn\u011b\u017ekou in die Wildlandschaft Pecka fahren, k\u00f6nnen Sie aus mehreren Routen w\u00e4hlen:&nbsp;<\/p>\n\n\n\n<ul class=\"wp-block-list\">\n<li class=\"translation-block\">Fahren Sie mit der Seilbahn (Sn\u011b\u017eka) nach R\u016f\u017eov\u00e1 hora. Dann gehen Sie Port\u00e1\u0161ky hinunter zur Wildlandschaft Pecka.So k\u00f6nnen Sie es auch mit einem Kinderwagen bew\u00e4ltigen. Von der Wildlandschaft Peck kann man nach Velk\u00e1 \u00dapa entweder \u00fcber eine <a href=\"http:\/\/mapy.cz\/s\/3rIwH\" target=\"_self\">asphaltierte Stra\u00dfe<\/a> oder \u00fcber den sogenannten Waldweg hinuntergehen<a href=\"http:\/\/mapy.cz\/s\/3rIwg\" target=\"_self\">Der Weg der Bergtr\u00e4ger<\/a>.<br><br><\/li>\n\n\n\n<li class=\"translation-block\">Von Peca pod Sn\u011b\u017ekou aus nehmen Sie die \u201ealte Stra\u00dfe\u201c nach Velk\u00e1 \u00dapa. Es handelt sich um einen <a href=\"https:\/\/mapy.cz\/s\/3rIO1\" target=\"_self\">Krakono\u0161-Konfessionswanderweg<\/a> mit mehreren Spielelementen f\u00fcr Kinder.Von Velk\u00e1 \u00dapa aus k\u00f6nnen Sie mit dem Sessellift Port\u00e1\u0161ky nach Port\u00e1\u0161ky fahren oder die Wanderrouten w\u00e4hlen (siehe oben).<br><br><\/li>\n\n\n\n<li class=\"translation-block\">Sie k\u00f6nnen den <a href=\"https:\/\/mapy.cz\/s\/3rIOj\" target=\"_self\">R\u00f3\u017eov\u00e1 Hora auch zu Fu\u00df erklimmen und dann direkt von Pec aus zur Spiellandschaft Port\u00e1\u0161k\u00e9 hinabsteigen<\/a>.Diese Route ist nicht f\u00fcr Kinderwagen geeignet.<br><br><\/li>\n\n\n\n<li class=\"translation-block\">Von Peca nach Velk\u00e1 \u00dapa kann man auch \u00fcber den Weg gehen, der hinter dem Hotel M\u00e1j leicht ansteigend in den Wald f\u00fchrt.<a href=\"https:\/\/mapy.cz\/s\/3rIP8\" target=\"_self\">Diese Route<\/a> ist asphaltiert und f\u00fchrt Sie nach Gameland. Es ist jedoch m\u00f6glich, von dort abzubiegen und \u00fcber einen k\u00fcrzeren Weg \u00fcber andere Wanderwege (z. B. \u0160ramlem), die nicht mehr asphaltiert sind, nach Hern\u00ed krajina zu gelangen.<\/li>\n<\/ul>\n\n\n\n<p><a href=\"https:\/\/leto.skiresort.cz\/letni-aktivity\/herni-krajina-pecka\/\" data-type=\"link\" data-id=\"https:\/\/leto.skiresort.cz\/letni-aktivity\/herni-krajina-pecka\/\" target=\"_blank\" rel=\"noreferrer noopener nofollow\">Spiellandschaft Pecka<\/a><\/p>\n\n\n\n<p><\/p>","protected":false},"excerpt":{"rendered":"<p>Hern\u00ed krajina Pecka p\u0159edstavuje unik\u00e1tn\u00ed soubor d\u0159ev\u011bn\u00fdch model\u016f zv\u00ed\u0159at v nad\u017eivotn\u00ed velikosti, lanov\u00fdch stezek a prol\u00e9za\u010dek. Zdarma ji m\u016f\u017eete nav\u0161t\u00edvit u horn\u00ed stanice lanovky na Port\u00e1\u0161ky ve Velk\u00e9 \u00dap\u011b, vzd\u00e1len\u00e9 jen 2,5km od Grand Hotelu Hradec. Hern\u00ed krajina Pecka&nbsp;p\u0159edstavuje \u017eivot ve v\u011btv\u00edch strom\u016f, na louce i v bl\u00edzkosti horsk\u00e9 byst\u0159iny, kter\u00fd je typick\u00fd pro&nbsp;krkono\u0161skou&nbsp;p\u0159\u00edrodu. Stezka&nbsp;u&nbsp;Port\u00e1\u0161ovy [&hellip;]<\/p>","protected":false},"author":1,"featured_media":331,"parent":39,"menu_order":7,"comment_status":"closed","ping_status":"closed","template":"aktivity.php","meta":{"footnotes":""},"class_list":["post-329","page","type-page","status-publish","has-post-thumbnail","hentry"],"_links":{"self":[{"href":"https:\/\/www.grandhotelhradec.cz\/de\/wp-json\/wp\/v2\/pages\/329","targetHints":{"allow":["GET"]}}],"collection":[{"href":"https:\/\/www.grandhotelhradec.cz\/de\/wp-json\/wp\/v2\/pages"}],"about":[{"href":"https:\/\/www.grandhotelhradec.cz\/de\/wp-json\/wp\/v2\/types\/page"}],"author":[{"embeddable":true,"href":"https:\/\/www.grandhotelhradec.cz\/de\/wp-json\/wp\/v2\/users\/1"}],"replies":[{"embeddable":true,"href":"https:\/\/www.grandhotelhradec.cz\/de\/wp-json\/wp\/v2\/comments?post=329"}],"version-history":[{"count":0,"href":"https:\/\/www.grandhotelhradec.cz\/de\/wp-json\/wp\/v2\/pages\/329\/revisions"}],"up":[{"embeddable":true,"href":"https:\/\/www.grandhotelhradec.cz\/de\/wp-json\/wp\/v2\/pages\/39"}],"wp:featuredmedia":[{"embeddable":true,"href":"https:\/\/www.grandhotelhradec.cz\/de\/wp-json\/wp\/v2\/media\/331"}],"wp:attachment":[{"href":"https:\/\/www.grandhotelhradec.cz\/de\/wp-json\/wp\/v2\/media?parent=329"}],"curies":[{"name":"wp","href":"https:\/\/api.w.org\/{rel}","templated":true}]}}