{"id":305,"date":"2025-02-13T23:52:05","date_gmt":"2025-02-13T22:52:05","guid":{"rendered":"https:\/\/www.grandhotelhradec.cz\/?page_id=305"},"modified":"2026-04-12T22:17:24","modified_gmt":"2026-04-12T20:17:24","slug":"seilbahn-zur-schneekoppe","status":"publish","type":"page","link":"https:\/\/www.grandhotelhradec.cz\/de\/entdecken-sie-pec-pod-snezkou\/seilbahn-zur-schneekoppe\/","title":{"rendered":"Seilbahn auf die Schneekoppe"},"content":{"rendered":"<p>Pec pod Sn\u011b\u017ekou ist der h\u00e4ufigste Ausgangspunkt f\u00fcr Ausfl\u00fcge zur Schneekoppe. Sie k\u00f6nnen den h\u00f6chsten Berg der Tschechischen Republik zu Fu\u00df erklimmen, oder die Seilbahn Pec pod Sn\u011b\u017ekou - Sn\u011b\u017eka (Schneekoppe) benutzen. Die moderne Viersitzer-Kabinenbahn mit  Umsteigestation auf dem Rosenberg (R\u016f\u017eov\u00e1 hora) ist das ganze Jahr \u00fcber in Betrieb. W\u00e4hrend der Fahrt mit einem H\u00f6henunterschied von fast 700 m erleben Sie wundersch\u00f6ne Bergpanoramen. Vom Gipfel der Schneekoppe f\u00fchren markierte Wanderwege beispielsweise nach \u0160pindler\u016fv Ml\u00fdn oder zur Wiesenbaude (Lu\u010dn\u00ed bouda).<\/p>\n\n\n\n<p><a href=\"https:\/\/www.snezkalanovka.cz\/\" data-type=\"link\" data-id=\"https:\/\/www.snezkalanovka.cz\/\" target=\"_blank\" rel=\"noreferrer noopener nofollow\">Seilbahn auf die Schneekoppe<\/a><\/p>\n\n\n\n<p><\/p>","protected":false},"excerpt":{"rendered":"<p>Pec pod Sn\u011b\u017ekou je nej\u010dast\u011bj\u0161\u00edm v\u00fdchoz\u00edm m\u00edstem pro v\u00fdlety na Sn\u011b\u017eku. Na nejvy\u0161\u0161\u00ed horu \u010cesk\u00e9 republiky se m\u016f\u017eete vydat p\u011b\u0161ky nebo vyu\u017e\u00edt lanovou dr\u00e1hu Pec pod Sn\u011b\u017ekou \u2013 Sn\u011b\u017eka. Modern\u00ed \u010dty\u0159seda\u010dkov\u00e1 kabinov\u00e1 lanovka s\u00a0p\u0159estupn\u00ed stanic\u00ed na R\u016f\u017eov\u00e9 ho\u0159e je v provozu po cel\u00fd rok. B\u011bhem j\u00edzdy p\u0159ekon\u00e1te p\u0159ev\u00fd\u0161en\u00ed t\u00e9m\u011b\u0159 700 m a celou cestu v\u00e1s [&hellip;]<\/p>","protected":false},"author":1,"featured_media":306,"parent":39,"menu_order":5,"comment_status":"closed","ping_status":"closed","template":"aktivity.php","meta":{"footnotes":""},"class_list":["post-305","page","type-page","status-publish","has-post-thumbnail","hentry"],"_links":{"self":[{"href":"https:\/\/www.grandhotelhradec.cz\/de\/wp-json\/wp\/v2\/pages\/305","targetHints":{"allow":["GET"]}}],"collection":[{"href":"https:\/\/www.grandhotelhradec.cz\/de\/wp-json\/wp\/v2\/pages"}],"about":[{"href":"https:\/\/www.grandhotelhradec.cz\/de\/wp-json\/wp\/v2\/types\/page"}],"author":[{"embeddable":true,"href":"https:\/\/www.grandhotelhradec.cz\/de\/wp-json\/wp\/v2\/users\/1"}],"replies":[{"embeddable":true,"href":"https:\/\/www.grandhotelhradec.cz\/de\/wp-json\/wp\/v2\/comments?post=305"}],"version-history":[{"count":0,"href":"https:\/\/www.grandhotelhradec.cz\/de\/wp-json\/wp\/v2\/pages\/305\/revisions"}],"up":[{"embeddable":true,"href":"https:\/\/www.grandhotelhradec.cz\/de\/wp-json\/wp\/v2\/pages\/39"}],"wp:featuredmedia":[{"embeddable":true,"href":"https:\/\/www.grandhotelhradec.cz\/de\/wp-json\/wp\/v2\/media\/306"}],"wp:attachment":[{"href":"https:\/\/www.grandhotelhradec.cz\/de\/wp-json\/wp\/v2\/media?parent=305"}],"curies":[{"name":"wp","href":"https:\/\/api.w.org\/{rel}","templated":true}]}}