{"id":299,"date":"2025-02-13T23:37:50","date_gmt":"2025-02-13T22:37:50","guid":{"rendered":"https:\/\/www.grandhotelhradec.cz\/?page_id=299"},"modified":"2026-04-12T22:16:55","modified_gmt":"2026-04-12T20:16:55","slug":"rodeln","status":"publish","type":"page","link":"https:\/\/www.grandhotelhradec.cz\/de\/entdecken-sie-pec-pod-snezkou\/rodeln\/","title":{"rendered":"Rodeln"},"content":{"rendered":"<p><strong>Versetzen Sie sich zur\u00fcck in Ihre Kindheit und genie\u00dfen Sie die Fahrt mit dem Schlitten die H\u00fcgel hinunter. Hier im Riesengebirge ist Rodeln eine spontane Angelegenheit, daher ist es m\u00f6glich, diesen Sport auf fast jedem H\u00fcgel auszu\u00fcben und verschiedene H\u00e4nge hinunterzufahren. Wir haben f\u00fcr Sie zwei Tipps f\u00fcr eine wundersch\u00f6ne und lange Abfahrt zusammengestellt.<\/strong><\/p>\n\n\n\n<h3 class=\"wp-block-heading\">Abstieg von \u010cern\u00e1 hora nach Peca pod Sn\u011b\u017ekou \u00fcber Kol\u00ednsk\u00e1 bouda<\/h3>\n\n\n\n<p>Wegbeschreibung: Von Jansk\u00e9 L\u00e1zn\u011b aus fahren Sie mit der Seilbahn nach \u010cern\u00e1 Hora. Nach Jansk\u00e9 L\u00e1zn\u011b gelangen Sie mit dem Bus (Fahrpl\u00e4ne erhalten Sie an der Rezeption) oder Sie nutzen den Taxiservice (603 493 222), von Montag bis Donnerstag k\u00f6nnen wir Sie auch mit dem GHH-Skibus abholen (Interesse an diesem Service muss jedoch vorab an der Hotelrezeption angemeldet werden).<\/p>\n\n\n\n<h3 class=\"wp-block-heading\">Abstieg von R\u016f\u017eohorek \u00fcber Port\u00e1\u0161ovy bouda und Jan bouda nach Velk\u00e1 \u00dapa oder Sp\u00e1len\u00e9 m\u00fdn<\/h3>\n\n\n\n<p>Wegbeschreibung: Sie k\u00f6nnen mit der Seilbahn auf den Berg R\u016f\u017eov\u00e1 hora fahren oder zu Fu\u00df gehen, von Velk\u00e1 \u00dapa oder Sp\u00e1len\u00e9 Ml\u00fdn k\u00f6nnen Sie mit dem Bus zur\u00fcckfahren (Fahrpl\u00e4ne erhalten Sie an der Rezeption) oder Sie k\u00f6nnen den Taxidienst (603 493 222) nutzen, von Montag bis Donnerstag k\u00f6nnen wir Sie auch mit dem GHH-Skibus abholen (Interesse an diesem Service muss jedoch vorab an der Hotelrezeption angemeldet werden).<\/p>\n\n\n\n<h3 class=\"wp-block-heading\">Was Sie bei uns im Grand Hotel Hradec mieten k\u00f6nnen<\/h3>\n\n\n\n<figure class=\"wp-block-table\"><table class=\"has-fixed-layout\"><tbody><tr><td>Schlitten<\/td><td>250CZK \/ Tag (Anzahlung = Mietzahlung)<\/td><\/tr><tr><td>Schneeplatten<\/td><td>100 CZK \/ Tag (Anzahlung = Mietzahlung)<\/td><\/tr><tr><td>Schneeschuhe<\/td><td>260 CZK \/ Tag (Anzahlung = Mietzahlung)<\/td><\/tr><\/tbody><\/table><\/figure>","protected":false},"excerpt":{"rendered":"<p>Vra\u0165te se do d\u011btsk\u00fdch let a u\u017e\u00edvejte si sj\u00ed\u017ed\u011bn\u00ed kopc\u016f na s\u00e1\u0148k\u00e1ch. U n\u00e1s v Krkono\u0161\u00edch se s\u00e1\u0148kuje spont\u00e1nn\u011b, proto je mo\u017en\u00e9 provozovat tento sport t\u00e9m\u011b\u0159 na ka\u017ed\u00e9m kopci a sj\u00ed\u017ed\u011bt z r\u016fzn\u00fdch str\u00e1n\u00ed. P\u0159ipravili jsme pro V\u00e1s dva tipy pro b\u00e1je\u010dn\u00fd a dlouh\u00fd sjezd. Sjezd z \u010cern\u00e9 hory do Pece pod Sn\u011b\u017ekou p\u0159es Kol\u00ednskou [&hellip;]<\/p>","protected":false},"author":1,"featured_media":300,"parent":39,"menu_order":19,"comment_status":"closed","ping_status":"closed","template":"aktivity.php","meta":{"footnotes":""},"class_list":["post-299","page","type-page","status-publish","has-post-thumbnail","hentry"],"_links":{"self":[{"href":"https:\/\/www.grandhotelhradec.cz\/de\/wp-json\/wp\/v2\/pages\/299","targetHints":{"allow":["GET"]}}],"collection":[{"href":"https:\/\/www.grandhotelhradec.cz\/de\/wp-json\/wp\/v2\/pages"}],"about":[{"href":"https:\/\/www.grandhotelhradec.cz\/de\/wp-json\/wp\/v2\/types\/page"}],"author":[{"embeddable":true,"href":"https:\/\/www.grandhotelhradec.cz\/de\/wp-json\/wp\/v2\/users\/1"}],"replies":[{"embeddable":true,"href":"https:\/\/www.grandhotelhradec.cz\/de\/wp-json\/wp\/v2\/comments?post=299"}],"version-history":[{"count":0,"href":"https:\/\/www.grandhotelhradec.cz\/de\/wp-json\/wp\/v2\/pages\/299\/revisions"}],"up":[{"embeddable":true,"href":"https:\/\/www.grandhotelhradec.cz\/de\/wp-json\/wp\/v2\/pages\/39"}],"wp:featuredmedia":[{"embeddable":true,"href":"https:\/\/www.grandhotelhradec.cz\/de\/wp-json\/wp\/v2\/media\/300"}],"wp:attachment":[{"href":"https:\/\/www.grandhotelhradec.cz\/de\/wp-json\/wp\/v2\/media?parent=299"}],"curies":[{"name":"wp","href":"https:\/\/api.w.org\/{rel}","templated":true}]}}