{"id":291,"date":"2025-02-13T23:36:13","date_gmt":"2025-02-13T22:36:13","guid":{"rendered":"https:\/\/www.grandhotelhradec.cz\/?page_id=291"},"modified":"2026-04-12T22:16:55","modified_gmt":"2026-04-12T20:16:55","slug":"skialp","status":"publish","type":"page","link":"https:\/\/www.grandhotelhradec.cz\/de\/entdecken-sie-pec-pod-snezkou\/skialp\/","title":{"rendered":"Skialp"},"content":{"rendered":"<p class=\"translation-block\"><strong>Schnall deine Skier an und klettere<\/strong> durch eine poetische, verschneite Landschaft. Auf Langlaufskiern w\u00e4re es eine Menge Arbeit, auf Schneeschuhen w\u00e4re es schade, die Abfahrtspiste nicht zu benutzen. Gleichzeitig m\u00fcssen Sie auf der Piste nicht hetzen, sondern die Skier Schritt f\u00fcr Schritt bewegen und Spa\u00df haben. W\u00e4hlen Sie zum Beispiel aus diesen Routen:<\/p>\n\n\n\n<h3 class=\"wp-block-heading\">Ski-Alpinroute Nummer f\u00fcnf \u2013 Modr\u00fd dolem nach V\u00fdrovec<\/h3>\n\n\n\n<p>Von Peca pod Sn\u011b\u017ekou aus k\u00f6nnen Sie dem roten Wegweiser bis zum Aufstieg zum Modr\u00fd dol folgen und \u00fcber den winterlichen Stockweg durch Modr\u00fd dol nach V\u00fdrovec fahren (Sie fahren durch eine riesige Lawinenspur, seien Sie also vorsichtig, und vor allem am Ende kann es aufgrund umgest\u00fcrzter Stangen zu Orientierungsproblemen kommen). Anschlie\u00dfend geht es weiter auf dem gr\u00fcnen Weg durch Richtrovy Boudy und genie\u00dfen einen sch\u00f6nen Abstieg nach Peca pod Sn\u011b\u017ekou. (Sie k\u00f6nnen auch die Variante w\u00e4hlen, bei der Sie an der Kreuzung U Richtrov\u00fdch bud die rote Ampel einschalten und bis zum Zelen\u00e9 dol weiterfahren oder an der roten Ampel bis zur \u017delezn\u00e1 stezka fahren.)<\/p>\n\n\n\n<h3 class=\"wp-block-heading\">Ski-Alpinroute Nummer sechs \u2013 Obr\u00edm dolom bis Sn\u011b\u017eka<\/h3>\n\n\n\n<p>Von Peca pod Sn\u011b\u017ekou aus k\u00f6nnen Sie den blauen Weg zum Ob\u0159\u00ed dol nehmen und zum Sattel unter der ehemaligen Ob\u0159\u00ed bouda aufsteigen. Seien Sie vorsichtig, dies ist ein steiler und oft vereister Abschnitt!!! Sie folgen dem roten Weg \u00fcber den Gipfel der Schneekoppe, hier treffen Sie erneut auf einen steilen und oft vereisten Abschnitt!!! Bitte achten Sie auf andere Besucher und wenn Sie in die entgegengesetzte Richtung reisen, ziehen Sie Ihre Skier aus und gehen Sie zu Fu\u00df.Der Abstieg erfolgt auf der gelben Route bis zur Bergstation der Seilbahn auf dem Berg R\u016f\u017eov\u00e1 hora (oft verwehtes und vereistes Gel\u00e4nde), dann geht es durch die L\u00fccke unter der Seilbahn, das ist ein steiler und oft vereister Abschnitt (und zus\u00e4tzlich verlaufen auf dem gesamten Abschnitt zwei Stahlseile), weiter zur Talstation der Seilbahn.<\/p>\n\n\n\n<p>Auf dem Weg nach unten: Weiter geht es auf dem gelben Weg entweder nach Blau und nach Peca pod Sn\u011b\u017ekou, oder durch die Wiesen der Enklave V\u011btrn\u00edk und Karl\u016fv vrch und weiter auf dem nicht markierten Weg nach Velk\u00e1 \u00dapa. Eine weitere M\u00f6glichkeit ist die sichere Variante \u00fcber R\u016f\u017eohorky (gr\u00fcn-gelbes Schild \u2013 Bergstation des Bobolifts und den Hang hinunter nach Velk\u00e1 \u00dapa). Beim Verlassen von Peca pod Sn\u011b\u017ekou k\u00f6nnen Sie auch das gr\u00fcne Schild \u201eBukov\u00e1 \u00fadol\u00edm\u201c benutzen, wir empfehlen es jedoch nicht f\u00fcr den Abstieg (steiles und oft sehr vereistes Gel\u00e4nde). \u00a0<\/p>\n\n\n\n<h3 class=\"wp-block-heading\">Was k\u00f6nnen wir f\u00fcr Sie buchen?<\/h3>\n\n\n\n<figure class=\"wp-block-table\"><table class=\"has-fixed-layout\"><tbody><tr><td>Ski\/Snowboard<\/td><td>440 CZK \/ Tag (Anzahlung = Mietzahlung)<\/td><\/tr><tr><td>Alpinski<\/td><td>900 CZK \/ Tag (Anzahlung = Mietzahlung)<\/td><\/tr><tr><td>Langlaufen<\/td><td>350 CZK \/ Tag (Anzahlung = Mietzahlung)<\/td><\/tr><\/tbody><\/table><\/figure>","protected":false},"excerpt":{"rendered":"<p>Nalepit na ly\u017ee p\u00e1sy a stoupat&nbsp;poetickou, zasn\u011b\u017eenou krajinou. Na b\u011b\u017ek\u00e1ch u\u017e by to byla velk\u00e1 d\u0159ina, na sn\u011b\u017enic\u00edch je zase \u0161koda nevyu\u017e\u00edt svahu, kter\u00fd m\u00ed\u0159\u00ed dol\u016f. P\u0159itom na p\u00e1sech se nemus\u00ed nijak sp\u011bchat, sta\u010d\u00ed posouvat ly\u017ee krok sun krok a kochat se. Vyberte si t\u0159eba z&nbsp;t\u011bchto tras: Skialpov\u00e1 trasa p\u011btka \u2013 Modr\u00fdm dolem k V\u00fdrovce [&hellip;]<\/p>","protected":false},"author":1,"featured_media":297,"parent":39,"menu_order":18,"comment_status":"closed","ping_status":"closed","template":"aktivity.php","meta":{"footnotes":""},"class_list":["post-291","page","type-page","status-publish","has-post-thumbnail","hentry"],"_links":{"self":[{"href":"https:\/\/www.grandhotelhradec.cz\/de\/wp-json\/wp\/v2\/pages\/291","targetHints":{"allow":["GET"]}}],"collection":[{"href":"https:\/\/www.grandhotelhradec.cz\/de\/wp-json\/wp\/v2\/pages"}],"about":[{"href":"https:\/\/www.grandhotelhradec.cz\/de\/wp-json\/wp\/v2\/types\/page"}],"author":[{"embeddable":true,"href":"https:\/\/www.grandhotelhradec.cz\/de\/wp-json\/wp\/v2\/users\/1"}],"replies":[{"embeddable":true,"href":"https:\/\/www.grandhotelhradec.cz\/de\/wp-json\/wp\/v2\/comments?post=291"}],"version-history":[{"count":0,"href":"https:\/\/www.grandhotelhradec.cz\/de\/wp-json\/wp\/v2\/pages\/291\/revisions"}],"up":[{"embeddable":true,"href":"https:\/\/www.grandhotelhradec.cz\/de\/wp-json\/wp\/v2\/pages\/39"}],"wp:featuredmedia":[{"embeddable":true,"href":"https:\/\/www.grandhotelhradec.cz\/de\/wp-json\/wp\/v2\/media\/297"}],"wp:attachment":[{"href":"https:\/\/www.grandhotelhradec.cz\/de\/wp-json\/wp\/v2\/media?parent=291"}],"curies":[{"name":"wp","href":"https:\/\/api.w.org\/{rel}","templated":true}]}}