{"id":288,"date":"2025-02-13T22:59:26","date_gmt":"2025-02-13T21:59:26","guid":{"rendered":"https:\/\/www.grandhotelhradec.cz\/?page_id=288"},"modified":"2026-04-12T22:16:55","modified_gmt":"2026-04-12T20:16:55","slug":"langlaufen","status":"publish","type":"page","link":"https:\/\/www.grandhotelhradec.cz\/de\/entdecken-sie-pec-pod-snezkou\/langlaufen\/","title":{"rendered":"Langlaufen"},"content":{"rendered":"<p><strong>Bewegung beim Langlaufen ist nicht nur Balsam f\u00fcr unseren K\u00f6rper, ein Sport, sondern auch eine sch\u00f6ne Art der aktiven Entspannung und eine Gelegenheit, neue Orte zu entdecken. W\u00e4hlen Sie zum Beispiel aus diesen Routen:<\/strong><br>&nbsp;<\/p>\n\n\n\n<h3 class=\"wp-block-heading\"><strong>Zur Schneekoppe und \u00fcber V\u00fdrovka und Li\u0161\u010d\u00ed hora zur\u00fcck nach Peca (19 km)<\/strong><\/h3>\n\n\n\n<p>Von Peca aus k\u00f6nnen Sie mit der Seilbahn auf die Schneekoppe fahren. Von der Schneekoppe steigen Sie nach Obr\u00ed sedlo und weiter nach Lu\u010dn\u00ed bouda ab und durch das Denkmal f\u00fcr die Opfer des Gebirges erreichen Sie V\u00fdrovec. Von V\u00fdrovka geht es auf einem flachen Abschnitt zur H\u00fctte Na Rozcest\u00ed und von dort \u00fcber Li\u0161\u010d\u00ed hora zur Skih\u00fctte und zur Piste Zahr\u00e1dky. Hier k\u00f6nnen Sie nach Peca absteigen oder einen Rundgang durch die Peca-Einsamkeit unternehmen. Die Strecke ist insgesamt ca. 19 km lang (einschlie\u00dflich der Seilbahn auf die Schneekoppe). <strong><em><a href=\"https:\/\/www.grandhotelhradec.cz\/wp-content\/uploads\/2025\/02\/bezkovani-mapa-1.pdf\" data-type=\"attachment\" data-id=\"294\">Anfahrtsplan im PDF<\/a><\/em><\/strong><br>\u00a0<\/p>\n\n\n\n<h3 class=\"wp-block-heading\"><strong>Bramberk bis zum H\u00fcgel, \u00fcber Li\u0161\u010d\u00ed hora und Rennerovky zur\u00fcck nach Pec (18 km)<\/strong><\/h3>\n\n\n\n<p>Eine mittelschwere Strecke, die Sie noch schwieriger machen k\u00f6nnen, wenn Sie nicht die Seilbahn zum Hn\u011bd\u00fd vrch benutzen. Ohne die Seilbahn bietet Ihnen die ca. 18 Kilometer lange Strecke auf ganzer L\u00e4nge einen modifizierten Weg. Nach der Fahrt mit der Seilbahn auf den Hn\u011bd\u00fd vrch k\u00f6nnen Sie vom Aussichtspunkt Hn\u011bd\u00fd vrch die Aussicht auf das Riesengebirge genie\u00dfen. Von Hn\u011bd\u00fd vrch aus k\u00f6nnen Sie \u00fcber Li\u0161\u010d\u00ed hora zum Buffet Na Rozcest\u00ed fahren. Von dort aus geht es vorbei an Dvorsk\u00e1 bouda und Rennerov\u00e1 bouda entlang der Vodovodn\u00ed cesta bis nach Lesn\u00ed bouda und Zahr\u00e1dky. Hier k\u00f6nnen Sie zur\u00fcck nach Peca fahren oder die Runde durch die Einsamkeit von Peca verl\u00e4ngern. <strong><em><a href=\"https:\/\/www.grandhotelhradec.cz\/wp-content\/uploads\/2025\/02\/bezkovani-mapa-2.pdf\" data-type=\"attachment\" data-id=\"293\">Anfahrtsplan im PDF<\/a><\/em><\/strong><br>\u00a0<\/p>\n\n\n\n<h3 class=\"wp-block-heading\"><strong>Kurze Besichtigungstour von Pec nach Pec (8 km)<\/strong><\/h3>\n\n\n\n<p>Eine sehr einfache Strecke, aber Sie k\u00f6nnen sie schwieriger machen, indem Sie nicht die Seilbahn zum Hn\u011bd\u00fd vrch benutzen. Ohne die Seilbahn bietet Ihnen die ca. acht Kilometer lange Strecke auf ganzer L\u00e4nge eine modifizierte Strecke mit der M\u00f6glichkeit zum Skaten. Nach der Fahrt mit der Seilbahn auf den Hn\u011bd\u00fd vrch k\u00f6nnen Sie den gleichnamigen Aussichtsturm besuchen, von dem aus Sie bei sch\u00f6nem Wetter das Riesengebirge in seiner ganzen Pracht sehen k\u00f6nnen.\u00a0<strong><em><a href=\"https:\/\/www.grandhotelhradec.cz\/wp-content\/uploads\/2025\/02\/bezkovani-mapa-3.pdf\" data-type=\"attachment\" data-id=\"292\">Anfahrtsplan im PDF<\/a><\/em><\/strong><\/p>\n\n\n\n<h3 class=\"wp-block-heading\">Was k\u00f6nnen wir f\u00fcr Sie buchen?<\/h3>\n\n\n\n<figure class=\"wp-block-table\"><table class=\"has-fixed-layout\"><tbody><tr><td>Ski\/Snowboard<\/td><td>490 CZK \/ Tag (Anzahlung = Mietzahlung)<\/td><\/tr><tr><td>Alpinski<\/td><td>990 CZK \/ Tag (Anzahlung = Mietzahlung)<\/td><\/tr><tr><td>Langlaufen<\/td><td>350 CZK \/ Tag (Anzahlung = Mietzahlung)<\/td><\/tr><\/tbody><\/table><\/figure>","protected":false},"excerpt":{"rendered":"<p>Pohyb na b\u011b\u017ek\u00e1ch je nejen balz\u00e1mem pro na\u0161e t\u011blo, sportem, ale tak\u00e9 kr\u00e1sn\u00fdm zp\u016fsobem aktivn\u00ed relaxace a mo\u017enost\u00ed pro objevov\u00e1n\u00ed nov\u00fdch m\u00edst. Vyberte si nap\u0159\u00edklad z&nbsp;t\u011bchto tras:&nbsp; Na Sn\u011b\u017eku a p\u0159es V\u00fdrovku a Li\u0161\u010d\u00ed horu zp\u011bt do Pece\u00a0(19 km) Z Pece se vyvezete lanovkou na Sn\u011b\u017eku. Ze Sn\u011b\u017eky sestoup\u00edte do Ob\u0159\u00edho sedla a d\u00e1le k [&hellip;]<\/p>","protected":false},"author":1,"featured_media":289,"parent":39,"menu_order":17,"comment_status":"closed","ping_status":"closed","template":"aktivity.php","meta":{"footnotes":""},"class_list":["post-288","page","type-page","status-publish","has-post-thumbnail","hentry"],"_links":{"self":[{"href":"https:\/\/www.grandhotelhradec.cz\/de\/wp-json\/wp\/v2\/pages\/288","targetHints":{"allow":["GET"]}}],"collection":[{"href":"https:\/\/www.grandhotelhradec.cz\/de\/wp-json\/wp\/v2\/pages"}],"about":[{"href":"https:\/\/www.grandhotelhradec.cz\/de\/wp-json\/wp\/v2\/types\/page"}],"author":[{"embeddable":true,"href":"https:\/\/www.grandhotelhradec.cz\/de\/wp-json\/wp\/v2\/users\/1"}],"replies":[{"embeddable":true,"href":"https:\/\/www.grandhotelhradec.cz\/de\/wp-json\/wp\/v2\/comments?post=288"}],"version-history":[{"count":0,"href":"https:\/\/www.grandhotelhradec.cz\/de\/wp-json\/wp\/v2\/pages\/288\/revisions"}],"up":[{"embeddable":true,"href":"https:\/\/www.grandhotelhradec.cz\/de\/wp-json\/wp\/v2\/pages\/39"}],"wp:featuredmedia":[{"embeddable":true,"href":"https:\/\/www.grandhotelhradec.cz\/de\/wp-json\/wp\/v2\/media\/289"}],"wp:attachment":[{"href":"https:\/\/www.grandhotelhradec.cz\/de\/wp-json\/wp\/v2\/media?parent=288"}],"curies":[{"name":"wp","href":"https:\/\/api.w.org\/{rel}","templated":true}]}}