{"id":285,"date":"2025-02-13T22:56:59","date_gmt":"2025-02-13T21:56:59","guid":{"rendered":"https:\/\/www.grandhotelhradec.cz\/?page_id=285"},"modified":"2026-04-12T22:16:55","modified_gmt":"2026-04-12T20:16:55","slug":"skifahren","status":"publish","type":"page","link":"https:\/\/www.grandhotelhradec.cz\/de\/entdecken-sie-pec-pod-snezkou\/skifahren\/","title":{"rendered":"Skigebiet SkiResort \u010cern\u00e1 hora - Pec"},"content":{"rendered":"<p>Tolle Pisten, perfekter Morgenspa\u00df und unvergessliches Apr\u00e8s-Ski. Skifahren im gr\u00f6\u00dften Skigebiet der Tschechischen Republik. Das SkiResort \u010cern\u00e1 Hora \u2013 Pec besteht aus 6 miteinander verbundenen Skigebieten. Nur 1 Skipass reicht f\u00fcr 50 km Pisten unterschiedlicher Schwierigkeitsgrade und Skirouten. Dar\u00fcber hinaus gibt es die l\u00e4ngste beleuchtete Piste zum Abendskifahren, einen Freestyle-Park, Snowtubing mit Steilkurven und mehrere pr\u00e4parierte Langlaufloipen. Zur hochwertigen Ausstattung des Resorts geh\u00f6ren selbstverst\u00e4ndlich eine Skischule, Service, Verleih und ein umfangreiches Einkehrangebot.\u00a0 \u00a0\u00a0\u00a0<\/p>\n\n\n\n<p>F\u00fcr den Transport ins Skigebiet k\u00f6nnen Sie den GHH-Skibus oder den \u00f6ffentlichen Skibus nutzen.Der GHH-Skibus parkt neben dem Hotelshop, der sich am Ausgang des Hotel-Skiraums befindet, und bringt Sie in das Gebiet von Javor. Buchen Sie den Skibus an der Rezeption, dort k\u00f6nnen Sie auch die genaue Abfahrtszeit vereinbaren. F\u00fcr die R\u00fcckfahrt von der Piste Javor h\u00e4lt der Skibus am Skiverleih SkiresortLive.Den G\u00e4sten wird beim Check-in eine Hotelkarte vorgelegt, die sie an der Rezeption erhalten.Der \u00f6ffentliche Skibus h\u00e4lt in Kapli\u010dka und verkehrt ab 8:20 Uhr im 30-Minuten-Takt.Sie bauen wieder am Javor-Hang.<\/p>\n\n\n\n<ul class=\"wp-block-list\">\n<li class=\"translation-block\">Aktuelle <strong>Informationen zu den Seilbahnen<\/strong> und den Zustand der Pisten finden Sie hier: <a href=\"https:\/\/www.skiresort.cz\/informace\/lanovky-a-vleky\/\" target=\"_blank\" rel=\"noreferrer noopener\">https:\/\/www.skiresort.cz\/informace\/lanovky-a-vleky<\/a><\/li>\n\n\n\n<li class=\"translation-block\"><strong>Informationen zum Transport<\/strong> zwischen Skigebieten finden Sie unter <a href=\"https:\/\/www.skiresort.cz\/sluzby\/skibus\/\" target=\"_blank\" rel=\"noreferrer noopener\">https:\/\/www.skiresort.cz\/sluzby\/skibus\/<\/a><\/li>\n\n\n\n<li class=\"translation-block\"><strong>Preislisten<\/strong> f\u00fcr Skip\u00e4sse, Informationen zu Skischule, Verleih und Service finden Sie unter <a href=\"https:\/\/www.skiresort.cz\/cenik\/\" target=\"_blank\" rel=\"noreferrer noopener\">https:\/\/www.skiresort.cz\/cenik\/<\/a><\/li>\n<\/ul>\n\n\n\n<p><\/p>","protected":false},"excerpt":{"rendered":"<p>Skv\u011bl\u00e9 sjezdovky, dokonal\u00fd rann\u00ed man\u0161estr a nezapomenuteln\u00e9 apre ski. Zaly\u017eujte si v nejv\u011bt\u0161\u00edm ly\u017ea\u0159sk\u00e9m st\u0159edisku v \u010cesk\u00e9 republice. SkiResort \u010cern\u00e1 Hora &#8211; Pec tvo\u0159\u00ed 6 vz\u00e1jemn\u011b propojen\u00fdch ly\u017ea\u0159sk\u00fdch are\u00e1l\u016f. Na 50 km sjezdovek r\u016fzn\u00e9 n\u00e1ro\u010dnosti a ly\u017ea\u0159sk\u00fdch cest V\u00e1m posta\u010d\u00ed pouze 1 skipas. K dispozici je nav\u00edc nejdel\u0161\u00ed skv\u011ble osv\u011btlen\u00fd svah pro ve\u010dern\u00ed ly\u017eov\u00e1n\u00ed, freestyle [&hellip;]<\/p>","protected":false},"author":1,"featured_media":286,"parent":39,"menu_order":16,"comment_status":"closed","ping_status":"closed","template":"aktivity.php","meta":{"footnotes":""},"class_list":["post-285","page","type-page","status-publish","has-post-thumbnail","hentry"],"_links":{"self":[{"href":"https:\/\/www.grandhotelhradec.cz\/de\/wp-json\/wp\/v2\/pages\/285","targetHints":{"allow":["GET"]}}],"collection":[{"href":"https:\/\/www.grandhotelhradec.cz\/de\/wp-json\/wp\/v2\/pages"}],"about":[{"href":"https:\/\/www.grandhotelhradec.cz\/de\/wp-json\/wp\/v2\/types\/page"}],"author":[{"embeddable":true,"href":"https:\/\/www.grandhotelhradec.cz\/de\/wp-json\/wp\/v2\/users\/1"}],"replies":[{"embeddable":true,"href":"https:\/\/www.grandhotelhradec.cz\/de\/wp-json\/wp\/v2\/comments?post=285"}],"version-history":[{"count":0,"href":"https:\/\/www.grandhotelhradec.cz\/de\/wp-json\/wp\/v2\/pages\/285\/revisions"}],"up":[{"embeddable":true,"href":"https:\/\/www.grandhotelhradec.cz\/de\/wp-json\/wp\/v2\/pages\/39"}],"wp:featuredmedia":[{"embeddable":true,"href":"https:\/\/www.grandhotelhradec.cz\/de\/wp-json\/wp\/v2\/media\/286"}],"wp:attachment":[{"href":"https:\/\/www.grandhotelhradec.cz\/de\/wp-json\/wp\/v2\/media?parent=285"}],"curies":[{"name":"wp","href":"https:\/\/api.w.org\/{rel}","templated":true}]}}