{"id":167,"date":"2025-02-09T22:38:50","date_gmt":"2025-02-09T21:38:50","guid":{"rendered":"https:\/\/www.grandhotelhradec.cz\/?page_id=167"},"modified":"2025-11-20T20:17:14","modified_gmt":"2025-11-20T19:17:14","slug":"junior-suite","status":"publish","type":"page","link":"https:\/\/www.grandhotelhradec.cz\/de\/zimmer\/junior-suite\/","title":{"rendered":"Junior Suite"},"content":{"rendered":"<p>Junior Suiten mit einer Grundfl\u00e4che von 42 m2 bieten eine einzigartige Kombination aus modernem Design, Eleganz, erlesenem Geschmack, Komfort und funktionalem Raum. Diese Zimmer sind f\u00fcr 4 bis 5 Personen geeignet. Es handelt sich um ger\u00e4umige, moderne Zimmer mit einem bequemen Doppelbett (das geteilt werden kann), bequemen Sofas, von denen eines ausklappbar ist, modernen Schreibtischen und Kleiderschr\u00e4nken aus massiver Eiche und hochwirksamer Berglufterholung.<\/p>\n\n\n\n<div class=\"wp-block-group\"><div class=\"wp-block-group__inner-container is-layout-constrained wp-block-group-is-layout-constrained\">\n<h2 class=\"wp-block-heading\">Badausstattung<\/h2>\n\n\n\n<ul class=\"wp-block-list\">\n<li>Kostenloses hochwertiges WLAN<\/li>\n\n\n\n<li>Espressomaschine mit einer Auswahl an illy-Kaffee, Wasserkocher mit einer Auswahl an Tees<\/li>\n\n\n\n<li>Minibar<\/li>\n\n\n\n<li>Safe<\/li>\n\n\n\n<li>Telefon<\/li>\n\n\n\n<li>Weckservice \/ Wecker<\/li>\n\n\n\n<li>Erholung in der H\u00f6henluft<\/li>\n\n\n\n<li>Schreibtisch und Stuhl aus massiver Eiche<\/li>\n\n\n\n<li>Kingsize-Bett<\/li>\n\n\n\n<li>Eingebauter Trockner f\u00fcr nasse W\u00e4sche<\/li>\n\n\n\n<li>Smart TV mit unz\u00e4hligen Sendern, IPTV<\/li>\n\n\n\n<li>Elektrizit\u00e4t im Zimmer nach Aktivierung der Karte (eine Steckdose funktioniert 24\/7)<\/li>\n\n\n\n<li>Teppiche aus 100% neuseel\u00e4ndischer Wolle<\/li>\n\n\n\n<li>Schlafsofa<\/li>\n\n\n\n<li>Hervorragende Schalld\u00e4mmung<\/li>\n\n\n\n<li>Massive Eichenschr\u00e4nke mit Kleiderb\u00fcgeln<\/li>\n\n\n\n<li>Allergikerfreundliche Bett- und Bettw\u00e4sche (auf Anfrage auch andere Kissen erh\u00e4ltlich)<\/li>\n\n\n\n<li>Zimmer mit Aufzug erreichbar<\/li>\n\n\n\n<li>Zugang f\u00fcr Rollstuhlfahrer<\/li>\n\n\n\n<li>Kinderbett auf Anfrage kostenlos verf\u00fcgbar (Reservierung erforderlich)<\/li>\n<\/ul>\n\n\n\n<h2 class=\"wp-block-heading\">Zimmerausstattung<\/h2>\n\n\n\n<ul class=\"wp-block-list\">\n<li>Badewanne oder Dusche<\/li>\n\n\n\n<li>Haartrockner<\/li>\n\n\n\n<li>Kosmetikspiegel mit Vergr\u00f6\u00dferung<\/li>\n\n\n\n<li>Bademantel und Hausschuhe<\/li>\n\n\n\n<li>Toilettenartikel<\/li>\n\n\n\n<li>Handt\u00fccher<\/li>\n\n\n\n<li>Olivia Kosmetik<\/li>\n\n\n\n<li>Natursteinfliesen - Quarzit<\/li>\n<\/ul>\n<\/div><\/div>\n\n\n\n<div style=\"height:50px\" aria-hidden=\"true\" class=\"wp-block-spacer\"><\/div>\n\n\n\n<div class=\"wp-block-buttons is-content-justification-center is-layout-flex wp-container-core-buttons-is-layout-16018d1d wp-block-buttons-is-layout-flex\">\n<div class=\"wp-block-button rezervace\"><a class=\"wp-block-button__link wp-element-button\" href=\"https:\/\/grandhotelhradec.book-onlinenow.net\/index.aspx?cur=CZK&amp;lan_id=cs-CZ&amp;Page=19&amp;promocode=GHH\" target=\"_blank\" rel=\"\">Reservieren<\/a><\/div>\n<\/div>\n\n\n\n<div style=\"height:50px\" aria-hidden=\"true\" class=\"wp-block-spacer\"><\/div>\n\n\n\n<figure class=\"wp-block-gallery has-nested-images columns-default is-cropped wp-block-gallery-1 is-layout-flex wp-block-gallery-is-layout-flex\">\n<figure class=\"wp-block-image size-medium\"><a href=\"https:\/\/www.grandhotelhradec.cz\/wp-content\/uploads\/2025\/02\/Grand-Hotel-Hradec-Pec-pod-Snezkou-junior-suite-01.jpg\"><img loading=\"lazy\" decoding=\"async\" width=\"600\" height=\"401\" data-id=\"168\" src=\"https:\/\/www.grandhotelhradec.cz\/wp-content\/uploads\/2025\/02\/Grand-Hotel-Hradec-Pec-pod-Snezkou-junior-suite-01-600x401.jpg\" alt=\"\" class=\"wp-image-168\" srcset=\"https:\/\/www.grandhotelhradec.cz\/wp-content\/uploads\/2025\/02\/Grand-Hotel-Hradec-Pec-pod-Snezkou-junior-suite-01-600x401.jpg 600w, https:\/\/www.grandhotelhradec.cz\/wp-content\/uploads\/2025\/02\/Grand-Hotel-Hradec-Pec-pod-Snezkou-junior-suite-01-2000x1335.jpg 2000w\" sizes=\"auto, (max-width: 600px) 100vw, 600px\" \/><\/a><\/figure>\n\n\n\n<figure class=\"wp-block-image size-medium\"><a href=\"https:\/\/www.grandhotelhradec.cz\/wp-content\/uploads\/2025\/02\/Grand-Hotel-Hradec-Pec-pod-Snezkou-junior-suite-02.jpg\"><img loading=\"lazy\" decoding=\"async\" width=\"600\" height=\"401\" data-id=\"169\" src=\"https:\/\/www.grandhotelhradec.cz\/wp-content\/uploads\/2025\/02\/Grand-Hotel-Hradec-Pec-pod-Snezkou-junior-suite-02-600x401.jpg\" alt=\"\" class=\"wp-image-169\" srcset=\"https:\/\/www.grandhotelhradec.cz\/wp-content\/uploads\/2025\/02\/Grand-Hotel-Hradec-Pec-pod-Snezkou-junior-suite-02-600x401.jpg 600w, https:\/\/www.grandhotelhradec.cz\/wp-content\/uploads\/2025\/02\/Grand-Hotel-Hradec-Pec-pod-Snezkou-junior-suite-02-2000x1335.jpg 2000w\" sizes=\"auto, (max-width: 600px) 100vw, 600px\" \/><\/a><\/figure>\n\n\n\n<figure class=\"wp-block-image size-medium\"><a href=\"https:\/\/www.grandhotelhradec.cz\/wp-content\/uploads\/2025\/02\/Grand-Hotel-Hradec-Pec-pod-Snezkou-Rodinny-pokoj-Deluxe-02.webp\"><img loading=\"lazy\" decoding=\"async\" width=\"600\" height=\"400\" data-id=\"156\" src=\"https:\/\/www.grandhotelhradec.cz\/wp-content\/uploads\/2025\/02\/Grand-Hotel-Hradec-Pec-pod-Snezkou-Rodinny-pokoj-Deluxe-02-600x400.webp\" alt=\"Grand Hotel Hradec - Pec pod Sn\u011b\u017ekou - Deluxe Familienzimmer 02\" class=\"wp-image-156\" srcset=\"https:\/\/www.grandhotelhradec.cz\/wp-content\/uploads\/2025\/02\/Grand-Hotel-Hradec-Pec-pod-Snezkou-Rodinny-pokoj-Deluxe-02-600x400.webp 600w, https:\/\/www.grandhotelhradec.cz\/wp-content\/uploads\/2025\/02\/Grand-Hotel-Hradec-Pec-pod-Snezkou-Rodinny-pokoj-Deluxe-02-2000x1334.webp 2000w, https:\/\/www.grandhotelhradec.cz\/wp-content\/uploads\/2025\/02\/Grand-Hotel-Hradec-Pec-pod-Snezkou-Rodinny-pokoj-Deluxe-02.webp 2048w\" sizes=\"auto, (max-width: 600px) 100vw, 600px\" \/><\/a><\/figure>\n\n\n\n<figure class=\"wp-block-image size-medium\"><a href=\"https:\/\/www.grandhotelhradec.cz\/wp-content\/uploads\/2025\/02\/Grand-Hotel-Hradec-Pec-pod-Snezkou-Rodinny-pokoj-Deluxe-03.webp\"><img loading=\"lazy\" decoding=\"async\" width=\"600\" height=\"400\" data-id=\"155\" src=\"https:\/\/www.grandhotelhradec.cz\/wp-content\/uploads\/2025\/02\/Grand-Hotel-Hradec-Pec-pod-Snezkou-Rodinny-pokoj-Deluxe-03-600x400.webp\" alt=\"Grand Hotel Hradec - Pec pod Sn\u011b\u017ekou - Deluxe Familienzimmer 03\" class=\"wp-image-155\" srcset=\"https:\/\/www.grandhotelhradec.cz\/wp-content\/uploads\/2025\/02\/Grand-Hotel-Hradec-Pec-pod-Snezkou-Rodinny-pokoj-Deluxe-03-600x400.webp 600w, https:\/\/www.grandhotelhradec.cz\/wp-content\/uploads\/2025\/02\/Grand-Hotel-Hradec-Pec-pod-Snezkou-Rodinny-pokoj-Deluxe-03-2000x1334.webp 2000w, https:\/\/www.grandhotelhradec.cz\/wp-content\/uploads\/2025\/02\/Grand-Hotel-Hradec-Pec-pod-Snezkou-Rodinny-pokoj-Deluxe-03.webp 2048w\" sizes=\"auto, (max-width: 600px) 100vw, 600px\" \/><\/a><\/figure>\n\n\n\n<figure class=\"wp-block-image size-medium\"><a href=\"https:\/\/www.grandhotelhradec.cz\/wp-content\/uploads\/2025\/02\/Grand-Hotel-Hradec-Pec-pod-Snezkou-Rodinny-pokoj-Deluxe-04.webp\"><img loading=\"lazy\" decoding=\"async\" width=\"600\" height=\"400\" data-id=\"154\" src=\"https:\/\/www.grandhotelhradec.cz\/wp-content\/uploads\/2025\/02\/Grand-Hotel-Hradec-Pec-pod-Snezkou-Rodinny-pokoj-Deluxe-04-600x400.webp\" alt=\"Grand Hotel Hradec - Pec pod Sn\u011b\u017ekou - Deluxe Familienzimmer 04\" class=\"wp-image-154\" srcset=\"https:\/\/www.grandhotelhradec.cz\/wp-content\/uploads\/2025\/02\/Grand-Hotel-Hradec-Pec-pod-Snezkou-Rodinny-pokoj-Deluxe-04-600x400.webp 600w, https:\/\/www.grandhotelhradec.cz\/wp-content\/uploads\/2025\/02\/Grand-Hotel-Hradec-Pec-pod-Snezkou-Rodinny-pokoj-Deluxe-04-2000x1334.webp 2000w, https:\/\/www.grandhotelhradec.cz\/wp-content\/uploads\/2025\/02\/Grand-Hotel-Hradec-Pec-pod-Snezkou-Rodinny-pokoj-Deluxe-04.webp 2048w\" sizes=\"auto, (max-width: 600px) 100vw, 600px\" \/><\/a><\/figure>\n<\/figure>\n\n\n\n<p><\/p>","protected":false},"excerpt":{"rendered":"<p>Pokoje typu Junior Suite o plo\u0161e 42 m2 p\u0159edstavuj\u00ed jedine\u010dnou kombinaci modern\u00edho designu, elegance, vkusu, pohodl\u00ed a funk\u010dn\u00edho prostoru. Tento typ pokoje je vhodn\u00fd a\u017e pro 4 p\u0159\u00edpadn\u011b 5 osob. Jedn\u00e1 se o prostorn\u00fd modern\u00ed pokoj s pohodln\u00fdm dvoul\u016f\u017ekem (kter\u00e9 je mo\u017en\u00e9 rozd\u011blit), pohodln\u00fdmi pohovkami, z&nbsp;nich\u017e jedna je rozkl\u00e1dac\u00ed, modern\u00edm pracovn\u00edm stolem a sk\u0159\u00edn\u011bmi z [&hellip;]<\/p>","protected":false},"author":1,"featured_media":169,"parent":29,"menu_order":4,"comment_status":"closed","ping_status":"closed","template":"pokoj.php","meta":{"footnotes":""},"class_list":["post-167","page","type-page","status-publish","has-post-thumbnail","hentry"],"_links":{"self":[{"href":"https:\/\/www.grandhotelhradec.cz\/de\/wp-json\/wp\/v2\/pages\/167","targetHints":{"allow":["GET"]}}],"collection":[{"href":"https:\/\/www.grandhotelhradec.cz\/de\/wp-json\/wp\/v2\/pages"}],"about":[{"href":"https:\/\/www.grandhotelhradec.cz\/de\/wp-json\/wp\/v2\/types\/page"}],"author":[{"embeddable":true,"href":"https:\/\/www.grandhotelhradec.cz\/de\/wp-json\/wp\/v2\/users\/1"}],"replies":[{"embeddable":true,"href":"https:\/\/www.grandhotelhradec.cz\/de\/wp-json\/wp\/v2\/comments?post=167"}],"version-history":[{"count":2,"href":"https:\/\/www.grandhotelhradec.cz\/de\/wp-json\/wp\/v2\/pages\/167\/revisions"}],"predecessor-version":[{"id":1046,"href":"https:\/\/www.grandhotelhradec.cz\/de\/wp-json\/wp\/v2\/pages\/167\/revisions\/1046"}],"up":[{"embeddable":true,"href":"https:\/\/www.grandhotelhradec.cz\/de\/wp-json\/wp\/v2\/pages\/29"}],"wp:featuredmedia":[{"embeddable":true,"href":"https:\/\/www.grandhotelhradec.cz\/de\/wp-json\/wp\/v2\/media\/169"}],"wp:attachment":[{"href":"https:\/\/www.grandhotelhradec.cz\/de\/wp-json\/wp\/v2\/media?parent=167"}],"curies":[{"name":"wp","href":"https:\/\/api.w.org\/{rel}","templated":true}]}}