{"id":151,"date":"2025-02-09T21:59:32","date_gmt":"2025-02-09T20:59:32","guid":{"rendered":"https:\/\/www.grandhotelhradec.cz\/?page_id=151"},"modified":"2025-03-23T22:22:12","modified_gmt":"2025-03-23T21:22:12","slug":"deluxe-familienzimmer","status":"publish","type":"page","link":"https:\/\/www.grandhotelhradec.cz\/de\/zimmer\/deluxe-familienzimmer\/","title":{"rendered":"Deluxe familienzimmer"},"content":{"rendered":"<p>Die Deluxe-Familienzimmer bieten eine einzigartige Kombination aus zwei Doppelzimmern mit einer Gesamtfl\u00e4che von 68 m2. Sie sind f\u00fcr 4 bis 5 Personen ausgelegt. Diese modernen, komfortablen und geschmackvoll eingerichteten Zimmer (jedes mit eigenem Bad) sind durch einen Flur verbunden, der je nach Bedarf offen oder geschlossen bleiben kann, um der Familie absolute Privatsph\u00e4re zu bieten. Die Zimmer sind mit gro\u00dfen Doppelbetten (die getrennt werden k\u00f6nnen), Sesseln oder einem Sofa, modernen Schreibtischen und Schr\u00e4nken aus massiver Eiche sowie hochwirksamer Berglufterholung ausgestattet. Einige Familienzimmer verf\u00fcgen \u00fcber einen Balkon oder eine Terrasse.<\/p>\n\n\n\n<div class=\"wp-block-group\"><div class=\"wp-block-group__inner-container is-layout-constrained wp-block-group-is-layout-constrained\">\n<h2 class=\"wp-block-heading\">Badausstattung<\/h2>\n\n\n\n<ul class=\"wp-block-list\">\n<li>Kostenloses hochwertiges WLAN<\/li>\n\n\n\n<li>Tee- und Kaffeemaschine<\/li>\n\n\n\n<li>Minibar<\/li>\n\n\n\n<li>Safe<\/li>\n\n\n\n<li>Telefon<\/li>\n\n\n\n<li>Weckdienst \/ Wecker<\/li>\n\n\n\n<li>Erholung in der H\u00f6henluft<\/li>\n\n\n\n<li>Schreibtisch und Stuhl aus massiver Eiche<\/li>\n\n\n\n<li>Kleiderschrank, Bar- und Nachttische aus massiver Eiche&nbsp;<\/li>\n\n\n\n<li>Kingsize-Bett<\/li>\n\n\n\n<li>Eingebauter Trockner f\u00fcr nasse W\u00e4sche<\/li>\n\n\n\n<li>Smart TV mit unz\u00e4hligen Sendern, IPTV<\/li>\n\n\n\n<li>Stromanschluss im Zimmer per Karte freischaltbar (eine Steckdose 24\/7 funktionsf\u00e4hig)<\/li>\n\n\n\n<li>Teppiche aus 100% neuseel\u00e4ndischer Wolle<\/li>\n\n\n\n<li>Designer-Sessel \/ Sofa<\/li>\n\n\n\n<li>Hervorragende Schalld\u00e4mmung<\/li>\n\n\n\n<li>Schr\u00e4nke aus massiver Eiche<\/li>\n\n\n\n<li>Allergikerfreundliche Bett- und Bettw\u00e4sche (auf Anfrage auch andere Kissen erh\u00e4ltlich)&nbsp;<\/li>\n\n\n\n<li>Zimmer mit Aufzug erreichbar<\/li>\n\n\n\n<li>Zugang f\u00fcr Rollstuhlfahrer<\/li>\n\n\n\n<li>Kinderbett auf Anfrage kostenlos verf\u00fcgbar (Reservierung erforderlich)<\/li>\n\n\n\n<li>Mit dem Aufzug erreichbar<\/li>\n<\/ul>\n\n\n\n<h2 class=\"wp-block-heading\">Zimmerausstattung<\/h2>\n\n\n\n<ul class=\"wp-block-list\">\n<li>Badewanne oder Dusche<\/li>\n\n\n\n<li>Haartrockner<\/li>\n\n\n\n<li>Kosmetikspiegel mit Vergr\u00f6\u00dferung<\/li>\n\n\n\n<li>Bademantel und Hausschuhe<\/li>\n\n\n\n<li>Toilettenartikel<\/li>\n\n\n\n<li>Handt\u00fccher<\/li>\n\n\n\n<li>Olivia Kosmetik<\/li>\n\n\n\n<li>Natursteinfliesen - Quarzit<\/li>\n<\/ul>\n<\/div><\/div>\n\n\n\n<div style=\"height:50px\" aria-hidden=\"true\" class=\"wp-block-spacer\"><\/div>\n\n\n\n<div class=\"wp-block-buttons is-content-justification-center is-layout-flex wp-container-core-buttons-is-layout-16018d1d wp-block-buttons-is-layout-flex\">\n<div class=\"wp-block-button rezervace\"><a class=\"wp-block-button__link wp-element-button\" href=\"https:\/\/grandhotelhradec.book-onlinenow.net\/index.aspx?cur=CZK&amp;lan_id=cs-CZ&amp;Page=19&amp;promocode=GHH\" target=\"_blank\" rel=\"\">Reservieren<\/a><\/div>\n<\/div>\n\n\n\n<div style=\"height:50px\" aria-hidden=\"true\" class=\"wp-block-spacer\"><\/div>\n\n\n\n<figure class=\"wp-block-gallery has-nested-images columns-default is-cropped wp-block-gallery-1 is-layout-flex wp-block-gallery-is-layout-flex\">\n<figure class=\"wp-block-image size-medium\"><a href=\"https:\/\/www.grandhotelhradec.cz\/wp-content\/uploads\/2025\/02\/Grand-Hotel-Hradec-Pec-pod-Snezkou-Rodinny-pokoj-Deluxe-01-scaled.webp\"><img loading=\"lazy\" decoding=\"async\" width=\"600\" height=\"401\" data-id=\"157\" src=\"https:\/\/www.grandhotelhradec.cz\/wp-content\/uploads\/2025\/02\/Grand-Hotel-Hradec-Pec-pod-Snezkou-Rodinny-pokoj-Deluxe-01-600x401.webp\" alt=\"Grand Hotel Hradec - Pec pod Sn\u011b\u017ekou - Deluxe Familienzimmer 01\" class=\"wp-image-157\" srcset=\"https:\/\/www.grandhotelhradec.cz\/wp-content\/uploads\/2025\/02\/Grand-Hotel-Hradec-Pec-pod-Snezkou-Rodinny-pokoj-Deluxe-01-600x401.webp 600w, https:\/\/www.grandhotelhradec.cz\/wp-content\/uploads\/2025\/02\/Grand-Hotel-Hradec-Pec-pod-Snezkou-Rodinny-pokoj-Deluxe-01-2000x1335.webp 2000w\" sizes=\"auto, (max-width: 600px) 100vw, 600px\" \/><\/a><\/figure>\n\n\n\n<figure class=\"wp-block-image size-medium\"><a href=\"https:\/\/www.grandhotelhradec.cz\/wp-content\/uploads\/2025\/02\/Grand-Hotel-Hradec-Pec-pod-Snezkou-Rodinny-pokoj-Deluxe-06.webp\"><img loading=\"lazy\" decoding=\"async\" width=\"600\" height=\"400\" data-id=\"152\" src=\"https:\/\/www.grandhotelhradec.cz\/wp-content\/uploads\/2025\/02\/Grand-Hotel-Hradec-Pec-pod-Snezkou-Rodinny-pokoj-Deluxe-06-600x400.webp\" alt=\"Grand Hotel Hradec - Pec pod Sn\u011b\u017ekou - Familienzimmer Deluxe 06\" class=\"wp-image-152\" srcset=\"https:\/\/www.grandhotelhradec.cz\/wp-content\/uploads\/2025\/02\/Grand-Hotel-Hradec-Pec-pod-Snezkou-Rodinny-pokoj-Deluxe-06-600x400.webp 600w, https:\/\/www.grandhotelhradec.cz\/wp-content\/uploads\/2025\/02\/Grand-Hotel-Hradec-Pec-pod-Snezkou-Rodinny-pokoj-Deluxe-06-2000x1334.webp 2000w, https:\/\/www.grandhotelhradec.cz\/wp-content\/uploads\/2025\/02\/Grand-Hotel-Hradec-Pec-pod-Snezkou-Rodinny-pokoj-Deluxe-06.webp 2048w\" sizes=\"auto, (max-width: 600px) 100vw, 600px\" \/><\/a><\/figure>\n\n\n\n<figure class=\"wp-block-image size-medium\"><a href=\"https:\/\/www.grandhotelhradec.cz\/wp-content\/uploads\/2025\/02\/Grand-Hotel-Hradec-Pec-pod-Snezkou-Rodinny-pokoj-Deluxe-05.webp\"><img loading=\"lazy\" decoding=\"async\" width=\"600\" height=\"400\" data-id=\"153\" src=\"https:\/\/www.grandhotelhradec.cz\/wp-content\/uploads\/2025\/02\/Grand-Hotel-Hradec-Pec-pod-Snezkou-Rodinny-pokoj-Deluxe-05-600x400.webp\" alt=\"Grand Hotel Hradec - Pec pod Sn\u011b\u017ekou - Familienzimmer Deluxe 05\" class=\"wp-image-153\" srcset=\"https:\/\/www.grandhotelhradec.cz\/wp-content\/uploads\/2025\/02\/Grand-Hotel-Hradec-Pec-pod-Snezkou-Rodinny-pokoj-Deluxe-05-600x400.webp 600w, https:\/\/www.grandhotelhradec.cz\/wp-content\/uploads\/2025\/02\/Grand-Hotel-Hradec-Pec-pod-Snezkou-Rodinny-pokoj-Deluxe-05-2000x1334.webp 2000w, https:\/\/www.grandhotelhradec.cz\/wp-content\/uploads\/2025\/02\/Grand-Hotel-Hradec-Pec-pod-Snezkou-Rodinny-pokoj-Deluxe-05.webp 2048w\" sizes=\"auto, (max-width: 600px) 100vw, 600px\" \/><\/a><\/figure>\n\n\n\n<figure class=\"wp-block-image size-medium\"><a href=\"https:\/\/www.grandhotelhradec.cz\/wp-content\/uploads\/2025\/02\/Grand-Hotel-Hradec-Pec-pod-Snezkou-Rodinny-pokoj-Deluxe-04.webp\"><img loading=\"lazy\" decoding=\"async\" width=\"600\" height=\"400\" data-id=\"154\" src=\"https:\/\/www.grandhotelhradec.cz\/wp-content\/uploads\/2025\/02\/Grand-Hotel-Hradec-Pec-pod-Snezkou-Rodinny-pokoj-Deluxe-04-600x400.webp\" alt=\"Grand Hotel Hradec - Pec pod Sn\u011b\u017ekou - Deluxe Familienzimmer 04\" class=\"wp-image-154\" srcset=\"https:\/\/www.grandhotelhradec.cz\/wp-content\/uploads\/2025\/02\/Grand-Hotel-Hradec-Pec-pod-Snezkou-Rodinny-pokoj-Deluxe-04-600x400.webp 600w, https:\/\/www.grandhotelhradec.cz\/wp-content\/uploads\/2025\/02\/Grand-Hotel-Hradec-Pec-pod-Snezkou-Rodinny-pokoj-Deluxe-04-2000x1334.webp 2000w, https:\/\/www.grandhotelhradec.cz\/wp-content\/uploads\/2025\/02\/Grand-Hotel-Hradec-Pec-pod-Snezkou-Rodinny-pokoj-Deluxe-04.webp 2048w\" sizes=\"auto, (max-width: 600px) 100vw, 600px\" \/><\/a><\/figure>\n\n\n\n<figure class=\"wp-block-image size-medium\"><a href=\"https:\/\/www.grandhotelhradec.cz\/wp-content\/uploads\/2025\/02\/Grand-Hotel-Hradec-Pec-pod-Snezkou-Rodinny-pokoj-Deluxe-03.webp\"><img loading=\"lazy\" decoding=\"async\" width=\"600\" height=\"400\" data-id=\"155\" src=\"https:\/\/www.grandhotelhradec.cz\/wp-content\/uploads\/2025\/02\/Grand-Hotel-Hradec-Pec-pod-Snezkou-Rodinny-pokoj-Deluxe-03-600x400.webp\" alt=\"Grand Hotel Hradec - Pec pod Sn\u011b\u017ekou - Deluxe Familienzimmer 03\" class=\"wp-image-155\" srcset=\"https:\/\/www.grandhotelhradec.cz\/wp-content\/uploads\/2025\/02\/Grand-Hotel-Hradec-Pec-pod-Snezkou-Rodinny-pokoj-Deluxe-03-600x400.webp 600w, https:\/\/www.grandhotelhradec.cz\/wp-content\/uploads\/2025\/02\/Grand-Hotel-Hradec-Pec-pod-Snezkou-Rodinny-pokoj-Deluxe-03-2000x1334.webp 2000w, https:\/\/www.grandhotelhradec.cz\/wp-content\/uploads\/2025\/02\/Grand-Hotel-Hradec-Pec-pod-Snezkou-Rodinny-pokoj-Deluxe-03.webp 2048w\" sizes=\"auto, (max-width: 600px) 100vw, 600px\" \/><\/a><\/figure>\n\n\n\n<figure class=\"wp-block-image size-medium\"><a href=\"https:\/\/www.grandhotelhradec.cz\/wp-content\/uploads\/2025\/02\/Grand-Hotel-Hradec-Pec-pod-Snezkou-Rodinny-pokoj-Deluxe-02.webp\"><img loading=\"lazy\" decoding=\"async\" width=\"600\" height=\"400\" data-id=\"156\" src=\"https:\/\/www.grandhotelhradec.cz\/wp-content\/uploads\/2025\/02\/Grand-Hotel-Hradec-Pec-pod-Snezkou-Rodinny-pokoj-Deluxe-02-600x400.webp\" alt=\"Grand Hotel Hradec - Pec pod Sn\u011b\u017ekou - Deluxe Familienzimmer 02\" class=\"wp-image-156\" srcset=\"https:\/\/www.grandhotelhradec.cz\/wp-content\/uploads\/2025\/02\/Grand-Hotel-Hradec-Pec-pod-Snezkou-Rodinny-pokoj-Deluxe-02-600x400.webp 600w, https:\/\/www.grandhotelhradec.cz\/wp-content\/uploads\/2025\/02\/Grand-Hotel-Hradec-Pec-pod-Snezkou-Rodinny-pokoj-Deluxe-02-2000x1334.webp 2000w, https:\/\/www.grandhotelhradec.cz\/wp-content\/uploads\/2025\/02\/Grand-Hotel-Hradec-Pec-pod-Snezkou-Rodinny-pokoj-Deluxe-02.webp 2048w\" sizes=\"auto, (max-width: 600px) 100vw, 600px\" \/><\/a><\/figure>\n<\/figure>\n\n\n\n<p><\/p>","protected":false},"excerpt":{"rendered":"<p>Pokoje typu Rodinn\u00fd pokoj Deluxe p\u0159edstavuj\u00ed jedine\u010dnou kombinaci dvou designov\u00fdch pokoj\u016f o celkov\u00e9 velikosti 68 m2. Jsou ur\u010den\u00e9 pro 4 a\u017e 5 osob. Tyto modern\u00ed, pohodln\u00e9 a vkusn\u011b za\u0159\u00edzen\u00e9 pokoje (ka\u017ed\u00fd z nich m\u00e1 vlastn\u00ed koupelnu) jsou spojen\u00e9 chodbi\u010dkou, kterou je mo\u017en\u00e9 v p\u0159\u00edpad\u011b pot\u0159eby ponechat otev\u0159enou \u010di zav\u0159enou, aby rodina m\u011bla \u00fapln\u00e9 soukrom\u00ed. Sou\u010d\u00e1st\u00ed [&hellip;]<\/p>","protected":false},"author":1,"featured_media":157,"parent":29,"menu_order":6,"comment_status":"closed","ping_status":"closed","template":"pokoj.php","meta":{"footnotes":""},"class_list":["post-151","page","type-page","status-publish","has-post-thumbnail","hentry"],"_links":{"self":[{"href":"https:\/\/www.grandhotelhradec.cz\/de\/wp-json\/wp\/v2\/pages\/151","targetHints":{"allow":["GET"]}}],"collection":[{"href":"https:\/\/www.grandhotelhradec.cz\/de\/wp-json\/wp\/v2\/pages"}],"about":[{"href":"https:\/\/www.grandhotelhradec.cz\/de\/wp-json\/wp\/v2\/types\/page"}],"author":[{"embeddable":true,"href":"https:\/\/www.grandhotelhradec.cz\/de\/wp-json\/wp\/v2\/users\/1"}],"replies":[{"embeddable":true,"href":"https:\/\/www.grandhotelhradec.cz\/de\/wp-json\/wp\/v2\/comments?post=151"}],"version-history":[{"count":1,"href":"https:\/\/www.grandhotelhradec.cz\/de\/wp-json\/wp\/v2\/pages\/151\/revisions"}],"predecessor-version":[{"id":724,"href":"https:\/\/www.grandhotelhradec.cz\/de\/wp-json\/wp\/v2\/pages\/151\/revisions\/724"}],"up":[{"embeddable":true,"href":"https:\/\/www.grandhotelhradec.cz\/de\/wp-json\/wp\/v2\/pages\/29"}],"wp:featuredmedia":[{"embeddable":true,"href":"https:\/\/www.grandhotelhradec.cz\/de\/wp-json\/wp\/v2\/media\/157"}],"wp:attachment":[{"href":"https:\/\/www.grandhotelhradec.cz\/de\/wp-json\/wp\/v2\/media?parent=151"}],"curies":[{"name":"wp","href":"https:\/\/api.w.org\/{rel}","templated":true}]}}