{"id":144,"date":"2025-02-09T21:43:21","date_gmt":"2025-02-09T20:43:21","guid":{"rendered":"https:\/\/www.grandhotelhradec.cz\/?page_id=144"},"modified":"2025-11-20T20:15:19","modified_gmt":"2025-11-20T19:15:19","slug":"deluxe-doppelzimmer-mit-terrasse-oder-balkon","status":"publish","type":"page","link":"https:\/\/www.grandhotelhradec.cz\/de\/zimmer\/deluxe-doppelzimmer-mit-terrasse-oder-balkon\/","title":{"rendered":"Deluxe Doppelzimmer mit Terrasse oder Balkon"},"content":{"rendered":"<p>Die Superior-Zimmer stellen eine einzigartige Kombination aus modernem Design, Eleganz, erlesenem Geschmack, Komfort und Bequemlichkeit dar. Die Zimmer mit einer Grundfl\u00e4che von 29 m2 sind f\u00fcr 2 Personen geeignet und verf\u00fcgen \u00fcber ein gro\u00dfes Doppelbett (das geteilt werden kann), ein bequemes Sofa oder einen Sessel, einen Schreibtisch und Kleiderschr\u00e4nke aus massiver Eiche sowie eine hochwirksame Bergluft-Erholung.<\/p>\n\n\n\n<div class=\"wp-block-group\"><div class=\"wp-block-group__inner-container is-layout-constrained wp-block-group-is-layout-constrained\">\n<h2 class=\"wp-block-heading\">Badausstattung<\/h2>\n\n\n\n<ul class=\"wp-block-list\">\n<li>Kostenloses hochwertiges WLAN<\/li>\n\n\n\n<li>Tee- und Kaffeemaschine<\/li>\n\n\n\n<li>Minibar<\/li>\n\n\n\n<li>Safe<\/li>\n\n\n\n<li>Telefon<\/li>\n\n\n\n<li>Weckdienst \/ Wecker<\/li>\n\n\n\n<li>Erholung in der H\u00f6henluft<\/li>\n\n\n\n<li>Schreibtisch und Stuhl aus massiver Eiche<\/li>\n\n\n\n<li>Garderobe, Bar und Ablagetische aus Eichenholz<\/li>\n\n\n\n<li>Kingsize-Bett<\/li>\n\n\n\n<li>Eingebauter Trockner f\u00fcr nasse W\u00e4sche<\/li>\n\n\n\n<li>Smart TV mit unz\u00e4hligen Sendern, IPTV<\/li>\n\n\n\n<li>Stromanschluss im Zimmer per Karte freischaltbar (eine Steckdose 24\/7 funktionsf\u00e4hig)<\/li>\n\n\n\n<li>Teppiche aus 100% neuseel\u00e4ndischer Wolle<\/li>\n\n\n\n<li>Hervorragende Schalld\u00e4mmung<\/li>\n\n\n\n<li>Schr\u00e4nke aus massiver Eiche<\/li>\n\n\n\n<li>Allergikerfreundliche Bett- und Bettw\u00e4sche (auf Anfrage auch andere Kissen erh\u00e4ltlich)&nbsp;<\/li>\n\n\n\n<li>Zimmer mit Aufzug erreichbar<\/li>\n\n\n\n<li>Zugang f\u00fcr Rollstuhlfahrer<\/li>\n\n\n\n<li>Kinderbett auf Anfrage kostenlos verf\u00fcgbar (Reservierung erforderlich)<\/li>\n\n\n\n<li>Mit dem Aufzug erreichbar<\/li>\n<\/ul>\n\n\n\n<h2 class=\"wp-block-heading\">Zimmerausstattung<\/h2>\n\n\n\n<ul class=\"wp-block-list\">\n<li>Badewanne oder Dusche<\/li>\n\n\n\n<li>Haartrockner<\/li>\n\n\n\n<li>Kosmetikspiegel mit Vergr\u00f6\u00dferung<\/li>\n\n\n\n<li>Bademantel und Hausschuhe<\/li>\n\n\n\n<li>Toilettenartikel<\/li>\n\n\n\n<li>Handt\u00fccher<\/li>\n\n\n\n<li>Olivia Kosmetik<\/li>\n\n\n\n<li>Natursteinfliesen - Quarzit<\/li>\n<\/ul>\n<\/div><\/div>\n\n\n\n<div style=\"height:50px\" aria-hidden=\"true\" class=\"wp-block-spacer\"><\/div>\n\n\n\n<div class=\"wp-block-buttons is-content-justification-center is-layout-flex wp-container-core-buttons-is-layout-16018d1d wp-block-buttons-is-layout-flex\">\n<div class=\"wp-block-button rezervace\"><a class=\"wp-block-button__link wp-element-button\" href=\"https:\/\/grandhotelhradec.book-onlinenow.net\/index.aspx?cur=CZK&amp;lan_id=cs-CZ&amp;Page=19&amp;promocode=GHH\" target=\"_blank\" rel=\"\">Reservieren<\/a><\/div>\n<\/div>\n\n\n\n<div style=\"height:50px\" aria-hidden=\"true\" class=\"wp-block-spacer\"><\/div>\n\n\n\n<figure class=\"wp-block-gallery has-nested-images columns-default is-cropped wp-block-gallery-1 is-layout-flex wp-block-gallery-is-layout-flex\">\n<figure class=\"wp-block-image size-medium\"><a href=\"https:\/\/www.grandhotelhradec.cz\/wp-content\/uploads\/2025\/02\/Grand-Hotel-Hradec-Pec-pod-Snezkou-Superior-dvouluzkovy-pokoj-08.jpg\"><img loading=\"lazy\" decoding=\"async\" width=\"600\" height=\"401\" data-id=\"133\" src=\"https:\/\/www.grandhotelhradec.cz\/wp-content\/uploads\/2025\/02\/Grand-Hotel-Hradec-Pec-pod-Snezkou-Superior-dvouluzkovy-pokoj-08-600x401.jpg\" alt=\"Grand Hotel Hradec - Pec pod Sn\u011b\u017ekou - Superior-Doppelzimmer 08\" class=\"wp-image-133\" srcset=\"https:\/\/www.grandhotelhradec.cz\/wp-content\/uploads\/2025\/02\/Grand-Hotel-Hradec-Pec-pod-Snezkou-Superior-dvouluzkovy-pokoj-08-600x401.jpg 600w, https:\/\/www.grandhotelhradec.cz\/wp-content\/uploads\/2025\/02\/Grand-Hotel-Hradec-Pec-pod-Snezkou-Superior-dvouluzkovy-pokoj-08-2000x1335.jpg 2000w\" sizes=\"auto, (max-width: 600px) 100vw, 600px\" \/><\/a><\/figure>\n\n\n\n<figure class=\"wp-block-image size-medium\"><a href=\"https:\/\/www.grandhotelhradec.cz\/wp-content\/uploads\/2025\/02\/Grand-Hotel-Hradec-Pec-pod-Snezkou-Deluxe-dvouluzkovy-pokoj-s-terasou-nebo-balkonem-01.jpg\"><img loading=\"lazy\" decoding=\"async\" width=\"600\" height=\"401\" data-id=\"146\" src=\"https:\/\/www.grandhotelhradec.cz\/wp-content\/uploads\/2025\/02\/Grand-Hotel-Hradec-Pec-pod-Snezkou-Deluxe-dvouluzkovy-pokoj-s-terasou-nebo-balkonem-01-600x401.jpg\" alt=\"Grand Hotel Hradec - Pec pod Sn\u011b\u017ekou - Deluxe-Doppelzimmer mit Terrasse oder Balkon 01\" class=\"wp-image-146\" srcset=\"https:\/\/www.grandhotelhradec.cz\/wp-content\/uploads\/2025\/02\/Grand-Hotel-Hradec-Pec-pod-Snezkou-Deluxe-dvouluzkovy-pokoj-s-terasou-nebo-balkonem-01-600x401.jpg 600w, https:\/\/www.grandhotelhradec.cz\/wp-content\/uploads\/2025\/02\/Grand-Hotel-Hradec-Pec-pod-Snezkou-Deluxe-dvouluzkovy-pokoj-s-terasou-nebo-balkonem-01-2000x1335.jpg 2000w\" sizes=\"auto, (max-width: 600px) 100vw, 600px\" \/><\/a><\/figure>\n\n\n\n<figure class=\"wp-block-image size-medium\"><a href=\"https:\/\/www.grandhotelhradec.cz\/wp-content\/uploads\/2025\/02\/Grand-Hotel-Hradec-Pec-pod-Snezkou-Deluxe-dvouluzkovy-pokoj-s-terasou-nebo-balkonem-02.jpg\"><img loading=\"lazy\" decoding=\"async\" width=\"600\" height=\"401\" data-id=\"147\" src=\"https:\/\/www.grandhotelhradec.cz\/wp-content\/uploads\/2025\/02\/Grand-Hotel-Hradec-Pec-pod-Snezkou-Deluxe-dvouluzkovy-pokoj-s-terasou-nebo-balkonem-02-600x401.jpg\" alt=\"Grand Hotel Hradec - Pec pod Sn\u011b\u017ekou - Deluxe-Doppelzimmer mit Terrasse oder Balkon 02\" class=\"wp-image-147\" srcset=\"https:\/\/www.grandhotelhradec.cz\/wp-content\/uploads\/2025\/02\/Grand-Hotel-Hradec-Pec-pod-Snezkou-Deluxe-dvouluzkovy-pokoj-s-terasou-nebo-balkonem-02-600x401.jpg 600w, https:\/\/www.grandhotelhradec.cz\/wp-content\/uploads\/2025\/02\/Grand-Hotel-Hradec-Pec-pod-Snezkou-Deluxe-dvouluzkovy-pokoj-s-terasou-nebo-balkonem-02-2000x1335.jpg 2000w\" sizes=\"auto, (max-width: 600px) 100vw, 600px\" \/><\/a><\/figure>\n\n\n\n<figure class=\"wp-block-image size-medium\"><a href=\"https:\/\/www.grandhotelhradec.cz\/wp-content\/uploads\/2025\/02\/Grand-Hotel-Hradec-Pec-pod-Snezkou-Deluxe-dvouluzkovy-pokoj-s-terasou-nebo-balkonem-03.jpg\"><img loading=\"lazy\" decoding=\"async\" width=\"600\" height=\"401\" data-id=\"148\" src=\"https:\/\/www.grandhotelhradec.cz\/wp-content\/uploads\/2025\/02\/Grand-Hotel-Hradec-Pec-pod-Snezkou-Deluxe-dvouluzkovy-pokoj-s-terasou-nebo-balkonem-03-600x401.jpg\" alt=\"Grand Hotel Hradec - Pec pod Sn\u011b\u017ekou - Deluxe-Doppelzimmer mit Terrasse oder Balkon 03\" class=\"wp-image-148\" srcset=\"https:\/\/www.grandhotelhradec.cz\/wp-content\/uploads\/2025\/02\/Grand-Hotel-Hradec-Pec-pod-Snezkou-Deluxe-dvouluzkovy-pokoj-s-terasou-nebo-balkonem-03-600x401.jpg 600w, https:\/\/www.grandhotelhradec.cz\/wp-content\/uploads\/2025\/02\/Grand-Hotel-Hradec-Pec-pod-Snezkou-Deluxe-dvouluzkovy-pokoj-s-terasou-nebo-balkonem-03-2000x1335.jpg 2000w\" sizes=\"auto, (max-width: 600px) 100vw, 600px\" \/><\/a><\/figure>\n\n\n\n<figure class=\"wp-block-image size-medium\"><a href=\"https:\/\/www.grandhotelhradec.cz\/wp-content\/uploads\/2025\/02\/Grand-Hotel-Hradec-Pec-pod-Snezkou-Deluxe-dvouluzkovy-pokoj-s-terasou-nebo-balkonem-04.jpg\"><img loading=\"lazy\" decoding=\"async\" width=\"600\" height=\"401\" data-id=\"149\" src=\"https:\/\/www.grandhotelhradec.cz\/wp-content\/uploads\/2025\/02\/Grand-Hotel-Hradec-Pec-pod-Snezkou-Deluxe-dvouluzkovy-pokoj-s-terasou-nebo-balkonem-04-600x401.jpg\" alt=\"\" class=\"wp-image-149\" srcset=\"https:\/\/www.grandhotelhradec.cz\/wp-content\/uploads\/2025\/02\/Grand-Hotel-Hradec-Pec-pod-Snezkou-Deluxe-dvouluzkovy-pokoj-s-terasou-nebo-balkonem-04-600x401.jpg 600w, https:\/\/www.grandhotelhradec.cz\/wp-content\/uploads\/2025\/02\/Grand-Hotel-Hradec-Pec-pod-Snezkou-Deluxe-dvouluzkovy-pokoj-s-terasou-nebo-balkonem-04-2000x1335.jpg 2000w\" sizes=\"auto, (max-width: 600px) 100vw, 600px\" \/><\/a><\/figure>\n<\/figure>\n\n\n\n<p><\/p>","protected":false},"excerpt":{"rendered":"<p>Pokoje typu Superior p\u0159edstavuj\u00ed jedine\u010dnou kombinaci modern\u00edho designu, elegance, vkusu, pohodl\u00ed a funk\u010dn\u00edho prostoru. Pokoje o velikosti 29 m2 jsou vhodn\u00e9 pro 2 osoby, disponuj\u00ed prostorn\u00fdm dvoul\u016f\u017ekem (kter\u00e9 je mo\u017en\u00e9 rozd\u011blit), pohodlnou pohovkou \u010di k\u0159eslem, pracovn\u00edm stolem a sk\u0159\u00edn\u011bmi z dubov\u00e9ho d\u0159eva a vysoce \u00fa\u010dinnou rekuperac\u00ed horsk\u00e9ho vzduchu. Vybaven\u00ed pokoje V koupeln\u011b se nach\u00e1z\u00ed<\/p>","protected":false},"author":1,"featured_media":146,"parent":29,"menu_order":3,"comment_status":"closed","ping_status":"closed","template":"pokoj.php","meta":{"footnotes":""},"class_list":["post-144","page","type-page","status-publish","has-post-thumbnail","hentry"],"_links":{"self":[{"href":"https:\/\/www.grandhotelhradec.cz\/de\/wp-json\/wp\/v2\/pages\/144","targetHints":{"allow":["GET"]}}],"collection":[{"href":"https:\/\/www.grandhotelhradec.cz\/de\/wp-json\/wp\/v2\/pages"}],"about":[{"href":"https:\/\/www.grandhotelhradec.cz\/de\/wp-json\/wp\/v2\/types\/page"}],"author":[{"embeddable":true,"href":"https:\/\/www.grandhotelhradec.cz\/de\/wp-json\/wp\/v2\/users\/1"}],"replies":[{"embeddable":true,"href":"https:\/\/www.grandhotelhradec.cz\/de\/wp-json\/wp\/v2\/comments?post=144"}],"version-history":[{"count":2,"href":"https:\/\/www.grandhotelhradec.cz\/de\/wp-json\/wp\/v2\/pages\/144\/revisions"}],"predecessor-version":[{"id":1045,"href":"https:\/\/www.grandhotelhradec.cz\/de\/wp-json\/wp\/v2\/pages\/144\/revisions\/1045"}],"up":[{"embeddable":true,"href":"https:\/\/www.grandhotelhradec.cz\/de\/wp-json\/wp\/v2\/pages\/29"}],"wp:featuredmedia":[{"embeddable":true,"href":"https:\/\/www.grandhotelhradec.cz\/de\/wp-json\/wp\/v2\/media\/146"}],"wp:attachment":[{"href":"https:\/\/www.grandhotelhradec.cz\/de\/wp-json\/wp\/v2\/media?parent=144"}],"curies":[{"name":"wp","href":"https:\/\/api.w.org\/{rel}","templated":true}]}}